{"id":13409,"date":"2021-09-17T09:53:21","date_gmt":"2021-09-17T09:53:21","guid":{"rendered":"https:\/\/masterway.net\/perguntas-frequentes\/"},"modified":"2024-11-21T16:34:05","modified_gmt":"2024-11-21T16:34:05","slug":"perguntas-frequentes","status":"publish","type":"page","link":"https:\/\/masterway.net\/mz\/perguntas-frequentes\/","title":{"rendered":"Perguntas frequentes"},"content":{"rendered":"<p>[vc_row full_width=&#8221;stretch_row&#8221; kd_background_image_position=&#8221;vc_row-bg-position-top&#8221; kd_bottom_separator_style=&#8221;waves&#8221; kd_bottom_separator_height=&#8221;separator-height-large&#8221; kd_bottom_separator=&#8221;true&#8221; css=&#8221;.vc_custom_1730912559875{padding-top: 160px !important;padding-bottom: 160px !important;background-color: #51a1d3 !important;background-position: center !important;background-repeat: no-repeat !important;background-size: cover !important;}&#8221; el_class=&#8221;intro-section&#8221; css_mobile=&#8221;.vc_custom_1730912559878{padding-top: 100px !important;padding-bottom: 150px !important;}&#8221; css_tablet_portrait=&#8221;.vc_custom_1730912559877{padding-top: 200px !important;padding-bottom: 250px !important;}&#8221;][vc_column][vc_row_inner kd_background_image_position=&#8221;vc_row-bg-position-top&#8221;][vc_column_inner]<header class=\"kd-section-title col-lg-12 text-center  subtitle-below-title kd-animated fadeIn   vc_custom_1730914946758\" data-animation-delay=200><h1 class=\"separator_off\" style=\"color: #ffffff;font-size: 52px;line-height: 68px;\">Perguntas Frequentes<\/h1><\/header><div class=\"scroll-down-wrapper sd-align-center kd-animated fadeInUp  vc_custom_1730914581932\" data-animation-delay=200><a href=\"#first-section\" class=\"scroll-down-arrow btn-smooth-scroll\" style=\"background-color: #ffffff;\" aria-label=\"Scroll down\"><\/a><\/div>[\/vc_column_inner][\/vc_row_inner][\/vc_column][\/vc_row][vc_row full_width=&#8221;stretch_row&#8221; kd_background_image_position=&#8221;vc_row-bg-position-top&#8221; css=&#8221;.vc_custom_1730401161794{padding-top: 60px !important;}&#8221; el_id=&#8221;first-section&#8221;][vc_column]<header class=\"kd-section-title vc_col-lg-6 vc_col-sm-8 text-center  subtitle-below-title kd-animated fadeIn   vc_custom_1730735195325\" data-animation-delay=200><h2 class=\"separator_off\" >Tens d\u00favidas sobre o registo e utiliza\u00e7\u00e3o do Masterway?<\/h2><h6 class=\"subtitle\" >N\u00e3o queremos que fiques com d\u00favidas! Temos organizado, por temas, as respostas \u00e0s tuas d\u00favidas mais frequentes.<\/h6><\/header>[\/vc_column][\/vc_row][vc_row kd_background_image_position=&#8221;vc_row-bg-position-top&#8221; el_class=&#8221;zindex with-shadow overflow-hidden&#8221; css=&#8221;.vc_custom_1726585826531{margin-right: 15px !important;margin-bottom: 120px !important;margin-left: 15px !important;padding-top: 40px !important;padding-bottom: 40px !important;background-color: #ffffff !important;border-radius: 10px !important;}&#8221; css_tablet_landscape=&#8221;.vc_custom_1726585826531{margin-top: -200px !important;}&#8221; css_tablet_portrait=&#8221;.vc_custom_1726585826531{margin-top: 30px !important;}&#8221; css_mobile=&#8221;.vc_custom_1726585826532{margin-top: 30px !important;}&#8221;][vc_column][vc_row_inner kd_background_image_position=&#8221;vc_row-bg-position-top&#8221;][vc_column_inner]<header class=\"kd-section-title col-lg-12 text-left  subtitle-below-title kd-animated fadeIn  \" data-animation-delay=200><h3 class=\"separator_off\" >Informa\u00e7\u00f5es Gerais<\/h3><\/header>[vc_toggle title=&#8221;1. Como aderir?&#8221; css_animation=&#8221;fadeIn&#8221;]Para aderir a qualquer m\u00f3dulo, pode faz\u00ea-lo atrav\u00e9s do nosso website, na op\u00e7\u00e3o ADERIR (<a href=\"https:\/\/cloud.masterway.net\/?action=register&amp;CodMarket=PT&amp;Reference=\" target=\"_blank\" rel=\"noopener noreferrer\">https:\/\/cloud.masterway.net\/?action=register&amp;CodMarket=PT&amp;Reference=<\/a>), selecionando o plano pretendido \u2013 ou por correio eletr\u00f3nico (<a href=\"mailto:helpdesk@masterway.net\">helpdesk@masterway.net<\/a>).[\/vc_toggle][vc_toggle title=&#8221;2. Como aceder?&#8221; css_animation=&#8221;fadeIn&#8221;]O acesso ao Masterway \u00e9 feito em\u00a0<a href=\"https:\/\/cloud.masterway.net\/?action=login\">https:\/\/cloud.masterway.net\/?action=login<\/a>, atrav\u00e9s de um nome de utilizador e de uma password.<\/p>\n<p>O acesso encontra-se dispon\u00edvel 24 horas por dia\/ 7 dias por semana, a partir de qualquer dispositivo laptop\/PC, tablet ou smartphone.[\/vc_toggle][vc_toggle title=&#8221;3. Posso a adquirir funcionalidades de diferentes vers\u00f5es? E fazer upgrade de vers\u00e3o?&#8221; css_animation=&#8221;fadeIn&#8221;]N\u00e3o \u00e9 poss\u00edvel adquirir elementos de diversas vers\u00f5es do Masterway. Ap\u00f3s a contrata\u00e7\u00e3o de uma vers\u00e3o do Masterway, \u00e9 poss\u00edvel fazer upgrade para uma vers\u00e3o superior, mas n\u00e3o downgrade para uma inferior.[\/vc_toggle][vc_toggle title=&#8221;4. A minha informa\u00e7\u00e3o est\u00e1 segura? Tem c\u00f3pias de seguran\u00e7a?&#8221; css_animation=&#8221;fadeIn&#8221;]\u00c9 feita uma c\u00f3pia de seguran\u00e7a di\u00e1ria da base de dados, com armazenamento at\u00e9 pelo menos 30 dias, mantendo desse modo a informa\u00e7\u00e3o do Cliente permanentemente atualizada e segura.[\/vc_toggle][vc_toggle title=&#8221;5. Como cancelar?&#8221; css_animation=&#8221;fadeIn&#8221;]O cancelamento do servi\u00e7o ter\u00e1 que ser feito com uma anteced\u00eancia m\u00ednima pr\u00e9via de 60 (sessenta) dias sobre a data do seu termo ou suas renova\u00e7\u00f5es, atrav\u00e9s de carta ou email, conforme descrito nas condi\u00e7\u00f5es gerais.<\/p>\n<p>O contrato celebrado tem a dura\u00e7\u00e3o m\u00ednima de um ano, contado a partir da data da ativa\u00e7\u00e3o do servi\u00e7o, e ser\u00e1 prorrog\u00e1vel automaticamente por per\u00edodos iguais.[\/vc_toggle][vc_toggle title=&#8221;6. H\u00e1 limites de espa\u00e7o para a minha base de dados?&#8221; css_animation=&#8221;fadeIn&#8221;]A utiliza\u00e7\u00e3o de espa\u00e7o pela base de dados tem limites conforme o plano contratado. A 10% de atingir o limite, o Masterway enviar\u00e1 uma notifica\u00e7\u00e3o com indica\u00e7\u00e3o do espa\u00e7o utilizado e do que falta para atingir o limite contratado. Pode fazer a contrata\u00e7\u00e3o de espa\u00e7o extra ou upgrade da vers\u00e3o contratada.[\/vc_toggle][\/vc_column_inner][\/vc_row_inner][vc_separator color=&#8221;custom&#8221; accent_color=&#8221;#e7e7e7&#8243; css=&#8221;.vc_custom_1726585719747{padding-top: 20px !important;padding-right: 20px !important;padding-bottom: 45px !important;padding-left: 20px !important;}&#8221;][vc_row_inner kd_background_image_position=&#8221;vc_row-bg-position-top&#8221; css=&#8221;.vc_custom_1627977556344{padding-bottom: 24px !important;border-radius: 10px !important;}&#8221;][vc_column_inner]<header class=\"kd-section-title col-lg-12 text-left  subtitle-below-title kd-animated fadeIn  \" data-animation-delay=200><h3 class=\"separator_off\" >Compatibilidade<\/h3><\/header>[vc_toggle title=&#8221;1. Em que dispositivos posso aceder \u00e0 aplica\u00e7\u00e3o?&#8221; css_animation=&#8221;fadeIn&#8221;]O Masterway foi desenvolvido para ser utilizado em diversos dispositivos.<\/p>\n<p><strong>Para computadores Desktop\/Laptop\u00a0<\/strong>pode utilizar os browsers:<\/p>\n<ul>\n<li><strong>Microsoft Edge\u00a0<\/strong>(a partir da vers\u00e3o 88.0);<\/li>\n<li><strong>Firefox\u00a0<\/strong>(a partir da vers\u00e3o 29.0);<\/li>\n<li><strong>Google Chrome\u00a0<\/strong>(a partir da vers\u00e3o 29.0).<\/li>\n<\/ul>\n<p><strong>Para dispositivos m\u00f3veis<\/strong>\u00a0<strong>(Tablets\/Smartphones)\u00a0<\/strong>pode utilizar os browsers:<\/p>\n<ul>\n<li><strong>Microsoft Edge\u00a0<\/strong>(a partir da vers\u00e3o 88.0);<\/li>\n<li><strong>Firefox\u00a0<\/strong>(a partir da vers\u00e3o 34.0.1);<\/li>\n<li><strong>Google Chrome\u00a0<\/strong>(a partir da vers\u00e3o 39.0).<\/li>\n<\/ul>\n<p>[\/vc_toggle][\/vc_column_inner][\/vc_row_inner][vc_separator color=&#8221;custom&#8221; accent_color=&#8221;#e7e7e7&#8243; css=&#8221;.vc_custom_1726585880084{padding-top: 0px !important;padding-right: 20px !important;padding-bottom: 45px !important;padding-left: 20px !important;}&#8221;][vc_row_inner kd_background_image_position=&#8221;vc_row-bg-position-top&#8221; css=&#8221;.vc_custom_1627977556344{padding-bottom: 24px !important;border-radius: 10px !important;}&#8221;][vc_column_inner]<header class=\"kd-section-title col-lg-12 text-left  subtitle-below-title kd-animated fadeIn  \" data-animation-delay=200><h3 class=\"separator_off\" >Seguran\u00e7a<\/h3><\/header>[vc_toggle title=&#8221;1. O que acontece \u00e0 minha informa\u00e7\u00e3o se pretender cancelar o meu servi\u00e7o?&#8221; css_animation=&#8221;fadeIn&#8221;]As condi\u00e7\u00f5es gerais do nosso contrato atribuem-lhe uma resposta concreta, no entanto, garantimos sempre acesso aos seus dados por um per\u00edodo predefinido, ap\u00f3s o cancelamento do servi\u00e7o.Disponibilizamos opcionalmente a possibilidade de lhe enviar toda a informa\u00e7\u00e3o atrav\u00e9s de um formato de ficheiro compat\u00edvel com o prop\u00f3sito em causa.<\/p>\n<p>Garantimos transpar\u00eancia neste processo dando sempre continuidade \u00e0 sua satisfa\u00e7\u00e3o. A informa\u00e7\u00e3o \u00e9 propriedade sua, os dados entregues s\u00e3o destru\u00eddos ap\u00f3s per\u00edodo definido para o efeito.[\/vc_toggle][vc_toggle title=&#8221;2. Existe seguran\u00e7a no armazenamento da informa\u00e7\u00e3o? Como \u00e9 gerida a minha informa\u00e7\u00e3o?&#8221; css_animation=&#8221;fadeIn&#8221;]A aplica\u00e7\u00e3o possui fortes mecanismos de seguran\u00e7a, aliado \u00e0 seguran\u00e7a do Data Center onde a informa\u00e7\u00e3o est\u00e1 alojada, garante inequivocamente aos nossos clientes, um servi\u00e7o seguro e totalmente vi\u00e1vel.[\/vc_toggle][vc_toggle title=&#8221;3. Onde ficar\u00e1 alojada a minha informa\u00e7\u00e3o?&#8221; css_animation=&#8221;fadeIn&#8221;]O Data Center situado em Lisboa\/Portugal disp\u00f5e de um sistema do controlo global para a dete\u00e7\u00e3o de presen\u00e7a de intrusos no edif\u00edcio e \u00e1rea envolvente. A seguran\u00e7a baseia-se na presen\u00e7a de pessoal 24\u00d77 que disp\u00f5e de todos os sistemas necess\u00e1rios para o controlo de todas as zonas do edif\u00edcio desde o posto de controlo.<\/p>\n<p>O CCTV \u2013 Circuito Fechado de Televis\u00e3o est\u00e1 controlado 24 horas\/dia pelo pessoal respons\u00e1vel da seguran\u00e7a. As c\u00e2maras localizam-se nas zonas comuns tanto interiores como exteriores e acessos ao edif\u00edcio de tal forma que n\u00e3o \u00e9 poss\u00edvel o acesso \u00e0s Salas T\u00e9cnicas sem que isso seja refletido no sistema.<\/p>\n<p>Em todos os corredores e acessos \u00e0 \u00e1rea t\u00e9cnica e outros pontos cr\u00edticos encontram-se instalados detetores tanto volum\u00e9tricos como de infravermelhos que dirigem as c\u00e2maras \u00e0 zona de dete\u00e7\u00e3o e ativam a grava\u00e7\u00e3o na Central da imagem recolhida da zona afetada.<\/p>\n<p>O controlo de acessos \u00e0s salas t\u00e9cnicas realiza-se mediante sistemas aut\u00f3nomos com leitores de cart\u00f5es de proximidade. Cada CPU acuta sobre o fecho el\u00e9trico que a bloqueia ou desbloqueia em fun\u00e7\u00e3o das permiss\u00f5es atribu\u00eddas a cada cart\u00e3o.<\/p>\n<p>Todos os acessos s\u00e3o registados individualmente e com a identifica\u00e7\u00e3o da pessoa \u00e0 entrada e sa\u00edda, mantendo-se um registo das pessoas que acedem ao edif\u00edcio e salas. O acesso s\u00f3 ser\u00e1 poss\u00edvel a pessoas registadas na lista de acessos.<\/p>\n<p>Os Sistemas de Alimenta\u00e7\u00e3o Ininterrupta (UPS) compostos por equipamentos UPS localizados nos Centros de Continuidade em configura\u00e7\u00e3o redundante n+1 que d\u00e3o suporte aos equipamentos do cliente e demais servi\u00e7os cr\u00edticos da instala\u00e7\u00e3o.<\/p>\n<p>Cada sistema UPS proporciona o fornecimento a cada uma das linhas de distribui\u00e7\u00e3o \u00e0s salas t\u00e9cnicas (UPS1 e UPS2). Para al\u00e9m disso ambos os sistemas est\u00e3o sincronizados para evitar desequil\u00edbrios na tens\u00e3o de entrada \u00e0s distintas fontes dos equipamentos.<\/p>\n<p>Duplo sistema de distribui\u00e7\u00e3o el\u00e9trica em BT que permite a alimenta\u00e7\u00e3o aos equipamentos do cliente mediante um sistema de distribui\u00e7\u00e3o redundante.<br \/>\nA autonomia m\u00ednima do sistema de geradores \u00e9 de 12 horas, para al\u00e9m de existir um contrato de garantia de recarga dos dep\u00f3sitos de combust\u00edvel num tempo inferior a 4 horas.[\/vc_toggle][vc_toggle title=&#8221;4. Quem gere a minha informa\u00e7\u00e3o?&#8221; css_animation=&#8221;fadeIn&#8221;]A sua informa\u00e7\u00e3o possu\u00ed uma conectividade de alta disponibilidade e redundante atrav\u00e9s de v\u00e1rios operadores e liga\u00e7\u00e3o direta ao GigaPIX. Toda a rede \u00e9 monitorizada em tempo real sendo disponibilizadas informa\u00e7\u00f5es gr\u00e1ficas sobre m\u00e9dias e lat\u00eancias, estando o controle a ser feito 24\/7 atrav\u00e9s do nosso NOC. Todo o backbone IP est\u00e1 dual stacked, disponibilizando quer IPv4 quer Ipv6.[\/vc_toggle][\/vc_column_inner][\/vc_row_inner][\/vc_column][\/vc_row][vc_row content_placement=&#8221;middle&#8221; kd_background_image_position=&#8221;vc_row-bg-position-top&#8221; css=&#8221;.vc_custom_1732206554454{margin-bottom: -150px !important;padding-top: 70px !important;padding-bottom: 70px !important;background-color: #f5fafc !important;background-position: center !important;background-repeat: no-repeat !important;background-size: cover !important;border-radius: 50px !important;}&#8221; el_class=&#8221;call-to-action-section&#8221; css_tablet_portrait=&#8221;.vc_custom_1732206554455{margin-bottom: -100px !important;}&#8221; css_mobile=&#8221;.vc_custom_1732206554456{margin-bottom: -100px !important;}&#8221;][vc_column css=&#8221;.vc_custom_1599033942268{padding-right: 130px !important;padding-left: 130px !important;}&#8221; css_tablet_portrait=&#8221;.vc_custom_1599033942270{padding-right: 30px !important;padding-left: 30px !important;}&#8221; css_mobile=&#8221;.vc_custom_1599033942271{padding-right: 30px !important;padding-left: 30px !important;}&#8221; css_tablet_landscape=&#8221;.vc_custom_1599033942269{padding-right: 50px !important;padding-left: 50px !important;}&#8221;][vc_row_inner kd_background_image_position=&#8221;vc_row-bg-position-top&#8221;][vc_column_inner]<div data-speed=\"3000\" class=\"kd-text-rotator kd-rotatorid-69e3749ce5c07 text-center \"><h2 class=\"kd-text-rotator-container slide\" style=\" font-size: 40px;\">Experimenta Gr\u00e1tis! <span class=\"kd-rotator-wrapper\"><span class=\"rotator-single is-visible\">Come\u00e7a hoje!<\/span><span class=\"rotator-single \">Acelera o teu neg\u00f3cio!<\/span><span class=\"rotator-single \">Torna o neg\u00f3cio de Master!<\/span><\/span><\/h2><\/div><header class=\"kd-section-title col-lg-12 text-center  subtitle-below-title kd-animated fadeIn   vc_custom_1730115664909\" data-animation-delay=200><h6 class=\"subtitle\" >Explora o Masterway durante 30 dias, gr\u00e1tis.<br \/>\nTodos os m\u00f3dulos e funcionalidades, sem limites de documentos ou valores!<\/h6><\/header><a  href=\"https:\/\/cloud.masterway.net\/?action=demoregister&CodMarket=MZ&Reference=\"  target=\"_blank\"  title=\"\"  class=\"tt_button tt_primary_button btn_secondary_color  button-center button-action-link   kd-animated zoomIn add-margin-right\" data-animation-delay=200><span class=\"prim_text\">Experimenta gr\u00e1tis<\/span><\/a>[\/vc_column_inner][\/vc_row_inner][\/vc_column][\/vc_row]<\/p>\n","protected":false},"excerpt":{"rendered":"<p>[vc_row full_width=&#8221;stretch_row&#8221; kd_background_image_position=&#8221;vc_row-bg-position-top&#8221; kd_bottom_separator_style=&#8221;waves&#8221; kd_bottom_separator_height=&#8221;separator-height-large&#8221; kd_bottom_separator=&#8221;true&#8221; css=&#8221;.vc_custom_1730912559875{padding-top: 160px !important;padding-bottom: 160px !important;background-color: #51a1d3 !important;background-position: center !important;background-repeat: no-repeat !important;background-size: cover !important;}&#8221; el_class=&#8221;intro-section&#8221; [&hellip;]<\/p>\n","protected":false},"author":1,"featured_media":12561,"parent":0,"menu_order":0,"comment_status":"closed","ping_status":"closed","template":"","meta":{"footnotes":""},"class_list":["post-13409","page","type-page","status-publish","has-post-thumbnail","hentry"],"yoast_head":"<!-- This site is optimized with the Yoast SEO plugin v27.3 - https:\/\/yoast.com\/product\/yoast-seo-wordpress\/ -->\n<title>Perguntas frequentes - Masterway<\/title>\n<meta name=\"robots\" content=\"index, follow, max-snippet:-1, max-image-preview:large, max-video-preview:-1\" \/>\n<link rel=\"canonical\" href=\"https:\/\/masterway.net\/mz\/perguntas-frequentes\/\" \/>\n<meta property=\"og:locale\" content=\"en_US\" \/>\n<meta property=\"og:type\" content=\"article\" \/>\n<meta property=\"og:title\" content=\"Perguntas frequentes - Masterway\" \/>\n<meta property=\"og:description\" content=\"[vc_row full_width=&#8221;stretch_row&#8221; kd_background_image_position=&#8221;vc_row-bg-position-top&#8221; kd_bottom_separator_style=&#8221;waves&#8221; kd_bottom_separator_height=&#8221;separator-height-large&#8221; kd_bottom_separator=&#8221;true&#8221; css=&#8221;.vc_custom_1730912559875{padding-top: 160px !important;padding-bottom: 160px !important;background-color: #51a1d3 !important;background-position: center !important;background-repeat: no-repeat !important;background-size: cover !important;}&#8221; el_class=&#8221;intro-section&#8221; [&hellip;]\" \/>\n<meta property=\"og:url\" content=\"https:\/\/masterway.net\/mz\/perguntas-frequentes\/\" \/>\n<meta property=\"og:site_name\" content=\"Masterway\" \/>\n<meta property=\"article:publisher\" content=\"https:\/\/www.facebook.com\/masterwaysoftware\" \/>\n<meta property=\"article:modified_time\" content=\"2024-11-21T16:34:05+00:00\" \/>\n<meta property=\"og:image\" content=\"https:\/\/masterway.net\/wp-content\/uploads\/2020\/11\/dots-shape.png\" \/>\n\t<meta property=\"og:image:width\" content=\"1370\" \/>\n\t<meta property=\"og:image:height\" content=\"241\" \/>\n\t<meta property=\"og:image:type\" content=\"image\/png\" \/>\n<meta name=\"twitter:card\" content=\"summary_large_image\" \/>\n<meta name=\"twitter:label1\" content=\"Est. reading time\" \/>\n\t<meta name=\"twitter:data1\" content=\"10 minutes\" \/>\n<script type=\"application\/ld+json\" class=\"yoast-schema-graph\">{\"@context\":\"https:\\\/\\\/schema.org\",\"@graph\":[{\"@type\":\"WebPage\",\"@id\":\"https:\\\/\\\/masterway.net\\\/mz\\\/perguntas-frequentes\\\/\",\"url\":\"https:\\\/\\\/masterway.net\\\/mz\\\/perguntas-frequentes\\\/\",\"name\":\"Perguntas frequentes - Masterway\",\"isPartOf\":{\"@id\":\"https:\\\/\\\/masterway.net\\\/mz\\\/#website\"},\"primaryImageOfPage\":{\"@id\":\"https:\\\/\\\/masterway.net\\\/mz\\\/perguntas-frequentes\\\/#primaryimage\"},\"image\":{\"@id\":\"https:\\\/\\\/masterway.net\\\/mz\\\/perguntas-frequentes\\\/#primaryimage\"},\"thumbnailUrl\":\"https:\\\/\\\/masterway.net\\\/wp-content\\\/uploads\\\/2020\\\/11\\\/dots-shape.png\",\"datePublished\":\"2021-09-17T09:53:21+00:00\",\"dateModified\":\"2024-11-21T16:34:05+00:00\",\"breadcrumb\":{\"@id\":\"https:\\\/\\\/masterway.net\\\/mz\\\/perguntas-frequentes\\\/#breadcrumb\"},\"inLanguage\":\"MZ\",\"potentialAction\":[{\"@type\":\"ReadAction\",\"target\":[\"https:\\\/\\\/masterway.net\\\/mz\\\/perguntas-frequentes\\\/\"]}]},{\"@type\":\"ImageObject\",\"inLanguage\":\"MZ\",\"@id\":\"https:\\\/\\\/masterway.net\\\/mz\\\/perguntas-frequentes\\\/#primaryimage\",\"url\":\"https:\\\/\\\/masterway.net\\\/wp-content\\\/uploads\\\/2020\\\/11\\\/dots-shape.png\",\"contentUrl\":\"https:\\\/\\\/masterway.net\\\/wp-content\\\/uploads\\\/2020\\\/11\\\/dots-shape.png\",\"width\":1370,\"height\":241},{\"@type\":\"BreadcrumbList\",\"@id\":\"https:\\\/\\\/masterway.net\\\/mz\\\/perguntas-frequentes\\\/#breadcrumb\",\"itemListElement\":[{\"@type\":\"ListItem\",\"position\":1,\"name\":\"In\u00edcio\",\"item\":\"https:\\\/\\\/masterway.net\\\/mz\\\/\"},{\"@type\":\"ListItem\",\"position\":2,\"name\":\"Perguntas frequentes\"}]},{\"@type\":\"WebSite\",\"@id\":\"https:\\\/\\\/masterway.net\\\/mz\\\/#website\",\"url\":\"https:\\\/\\\/masterway.net\\\/mz\\\/\",\"name\":\"Masterway\",\"description\":\"\",\"publisher\":{\"@id\":\"https:\\\/\\\/masterway.net\\\/mz\\\/#organization\"},\"potentialAction\":[{\"@type\":\"SearchAction\",\"target\":{\"@type\":\"EntryPoint\",\"urlTemplate\":\"https:\\\/\\\/masterway.net\\\/mz\\\/?s={search_term_string}\"},\"query-input\":{\"@type\":\"PropertyValueSpecification\",\"valueRequired\":true,\"valueName\":\"search_term_string\"}}],\"inLanguage\":\"MZ\"},{\"@type\":\"Organization\",\"@id\":\"https:\\\/\\\/masterway.net\\\/mz\\\/#organization\",\"name\":\"Masterway\",\"url\":\"https:\\\/\\\/masterway.net\\\/mz\\\/\",\"logo\":{\"@type\":\"ImageObject\",\"inLanguage\":\"MZ\",\"@id\":\"https:\\\/\\\/masterway.net\\\/mz\\\/#\\\/schema\\\/logo\\\/image\\\/\",\"url\":\"https:\\\/\\\/masterway.net\\\/wp-content\\\/uploads\\\/2024\\\/02\\\/masterway-logo-color.svg\",\"contentUrl\":\"https:\\\/\\\/masterway.net\\\/wp-content\\\/uploads\\\/2024\\\/02\\\/masterway-logo-color.svg\",\"width\":1,\"height\":1,\"caption\":\"Masterway\"},\"image\":{\"@id\":\"https:\\\/\\\/masterway.net\\\/mz\\\/#\\\/schema\\\/logo\\\/image\\\/\"},\"sameAs\":[\"https:\\\/\\\/www.facebook.com\\\/masterwaysoftware\"]}]}<\/script>\n<!-- \/ Yoast SEO plugin. -->","yoast_head_json":{"title":"Perguntas frequentes - Masterway","robots":{"index":"index","follow":"follow","max-snippet":"max-snippet:-1","max-image-preview":"max-image-preview:large","max-video-preview":"max-video-preview:-1"},"canonical":"https:\/\/masterway.net\/mz\/perguntas-frequentes\/","og_locale":"en_US","og_type":"article","og_title":"Perguntas frequentes - Masterway","og_description":"[vc_row full_width=&#8221;stretch_row&#8221; kd_background_image_position=&#8221;vc_row-bg-position-top&#8221; kd_bottom_separator_style=&#8221;waves&#8221; kd_bottom_separator_height=&#8221;separator-height-large&#8221; kd_bottom_separator=&#8221;true&#8221; css=&#8221;.vc_custom_1730912559875{padding-top: 160px !important;padding-bottom: 160px !important;background-color: #51a1d3 !important;background-position: center !important;background-repeat: no-repeat !important;background-size: cover !important;}&#8221; el_class=&#8221;intro-section&#8221; [&hellip;]","og_url":"https:\/\/masterway.net\/mz\/perguntas-frequentes\/","og_site_name":"Masterway","article_publisher":"https:\/\/www.facebook.com\/masterwaysoftware","article_modified_time":"2024-11-21T16:34:05+00:00","og_image":[{"width":1370,"height":241,"url":"https:\/\/masterway.net\/wp-content\/uploads\/2020\/11\/dots-shape.png","type":"image\/png"}],"twitter_card":"summary_large_image","twitter_misc":{"Est. reading time":"10 minutes"},"schema":{"@context":"https:\/\/schema.org","@graph":[{"@type":"WebPage","@id":"https:\/\/masterway.net\/mz\/perguntas-frequentes\/","url":"https:\/\/masterway.net\/mz\/perguntas-frequentes\/","name":"Perguntas frequentes - Masterway","isPartOf":{"@id":"https:\/\/masterway.net\/mz\/#website"},"primaryImageOfPage":{"@id":"https:\/\/masterway.net\/mz\/perguntas-frequentes\/#primaryimage"},"image":{"@id":"https:\/\/masterway.net\/mz\/perguntas-frequentes\/#primaryimage"},"thumbnailUrl":"https:\/\/masterway.net\/wp-content\/uploads\/2020\/11\/dots-shape.png","datePublished":"2021-09-17T09:53:21+00:00","dateModified":"2024-11-21T16:34:05+00:00","breadcrumb":{"@id":"https:\/\/masterway.net\/mz\/perguntas-frequentes\/#breadcrumb"},"inLanguage":"MZ","potentialAction":[{"@type":"ReadAction","target":["https:\/\/masterway.net\/mz\/perguntas-frequentes\/"]}]},{"@type":"ImageObject","inLanguage":"MZ","@id":"https:\/\/masterway.net\/mz\/perguntas-frequentes\/#primaryimage","url":"https:\/\/masterway.net\/wp-content\/uploads\/2020\/11\/dots-shape.png","contentUrl":"https:\/\/masterway.net\/wp-content\/uploads\/2020\/11\/dots-shape.png","width":1370,"height":241},{"@type":"BreadcrumbList","@id":"https:\/\/masterway.net\/mz\/perguntas-frequentes\/#breadcrumb","itemListElement":[{"@type":"ListItem","position":1,"name":"In\u00edcio","item":"https:\/\/masterway.net\/mz\/"},{"@type":"ListItem","position":2,"name":"Perguntas frequentes"}]},{"@type":"WebSite","@id":"https:\/\/masterway.net\/mz\/#website","url":"https:\/\/masterway.net\/mz\/","name":"Masterway","description":"","publisher":{"@id":"https:\/\/masterway.net\/mz\/#organization"},"potentialAction":[{"@type":"SearchAction","target":{"@type":"EntryPoint","urlTemplate":"https:\/\/masterway.net\/mz\/?s={search_term_string}"},"query-input":{"@type":"PropertyValueSpecification","valueRequired":true,"valueName":"search_term_string"}}],"inLanguage":"MZ"},{"@type":"Organization","@id":"https:\/\/masterway.net\/mz\/#organization","name":"Masterway","url":"https:\/\/masterway.net\/mz\/","logo":{"@type":"ImageObject","inLanguage":"MZ","@id":"https:\/\/masterway.net\/mz\/#\/schema\/logo\/image\/","url":"https:\/\/masterway.net\/wp-content\/uploads\/2024\/02\/masterway-logo-color.svg","contentUrl":"https:\/\/masterway.net\/wp-content\/uploads\/2024\/02\/masterway-logo-color.svg","width":1,"height":1,"caption":"Masterway"},"image":{"@id":"https:\/\/masterway.net\/mz\/#\/schema\/logo\/image\/"},"sameAs":["https:\/\/www.facebook.com\/masterwaysoftware"]}]}},"_links":{"self":[{"href":"https:\/\/masterway.net\/mz\/wp-json\/wp\/v2\/pages\/13409","targetHints":{"allow":["GET"]}}],"collection":[{"href":"https:\/\/masterway.net\/mz\/wp-json\/wp\/v2\/pages"}],"about":[{"href":"https:\/\/masterway.net\/mz\/wp-json\/wp\/v2\/types\/page"}],"author":[{"embeddable":true,"href":"https:\/\/masterway.net\/mz\/wp-json\/wp\/v2\/users\/1"}],"replies":[{"embeddable":true,"href":"https:\/\/masterway.net\/mz\/wp-json\/wp\/v2\/comments?post=13409"}],"version-history":[{"count":2,"href":"https:\/\/masterway.net\/mz\/wp-json\/wp\/v2\/pages\/13409\/revisions"}],"predecessor-version":[{"id":13624,"href":"https:\/\/masterway.net\/mz\/wp-json\/wp\/v2\/pages\/13409\/revisions\/13624"}],"wp:featuredmedia":[{"embeddable":true,"href":"https:\/\/masterway.net\/mz\/wp-json\/wp\/v2\/media\/12561"}],"wp:attachment":[{"href":"https:\/\/masterway.net\/mz\/wp-json\/wp\/v2\/media?parent=13409"}],"curies":[{"name":"wp","href":"https:\/\/api.w.org\/{rel}","templated":true}]}}