{"id":12567,"date":"2024-10-09T15:12:32","date_gmt":"2024-10-09T15:12:32","guid":{"rendered":"https:\/\/masterway.net\/noticias\/"},"modified":"2024-11-28T14:59:17","modified_gmt":"2024-11-28T14:59:17","slug":"noticias","status":"publish","type":"page","link":"https:\/\/masterway.net\/mz\/noticias\/","title":{"rendered":"Not\u00edcias"},"content":{"rendered":"<p>[vc_row full_width=&#8221;stretch_row&#8221; kd_background_image_position=&#8221;vc_row-bg-position-top&#8221; kd_bottom_separator_style=&#8221;waves&#8221; kd_bottom_separator_height=&#8221;separator-height-large&#8221; kd_bottom_separator=&#8221;true&#8221; css=&#8221;.vc_custom_1730912559875{padding-top: 160px !important;padding-bottom: 160px !important;background-color: #51a1d3 !important;background-position: center !important;background-repeat: no-repeat !important;background-size: cover !important;}&#8221; el_class=&#8221;intro-section&#8221; css_mobile=&#8221;.vc_custom_1730912559878{padding-top: 100px !important;padding-bottom: 150px !important;}&#8221; css_tablet_portrait=&#8221;.vc_custom_1730912559877{padding-top: 200px !important;padding-bottom: 250px !important;}&#8221;][vc_column][vc_row_inner kd_background_image_position=&#8221;vc_row-bg-position-top&#8221;][vc_column_inner]<header class=\"kd-section-title col-lg-12 text-center  subtitle-below-title kd-animated fadeIn   vc_custom_1730915050502\" data-animation-delay=200><h1 class=\"separator_off\" style=\"color: #ffffff;font-size: 52px;line-height: 68px;\">Not\u00edcias<\/h1><\/header><div class=\"scroll-down-wrapper sd-align-center kd-animated fadeInUp  vc_custom_1730914581932\" data-animation-delay=200><a href=\"#first-section\" class=\"scroll-down-arrow btn-smooth-scroll\" style=\"background-color: #ffffff;\" aria-label=\"Scroll down\"><\/a><\/div>[\/vc_column_inner][\/vc_row_inner][\/vc_column][\/vc_row][vc_row full_width=&#8221;stretch_row&#8221; kd_background_image_position=&#8221;vc_row-bg-position-top&#8221; css=&#8221;.vc_custom_1730401161794{padding-top: 60px !important;}&#8221; el_id=&#8221;first-section&#8221;][vc_column]<header class=\"kd-section-title col-lg-8 vc_col-sm-8 text-center  subtitle-below-title kd-animated fadeIn   vc_custom_1731604446199\" data-animation-delay=200><h2 class=\"separator_off\" >Queremos que sejas de Master, em tudo!<\/h2><h6 class=\"subtitle\" >Acompanha a nossa presen\u00e7a nos m\u00eddia e as nossas contribui\u00e7\u00f5es para temas relevantes, que valorizam a literacia financeira, econ\u00f3mica e do quotidiano!<\/h6><\/header>[\/vc_column][\/vc_row][vc_row full_width=&#8221;stretch_row&#8221; kd_background_image_position=&#8221;vc_row-bg-position-top&#8221; css=&#8221;.vc_custom_1730973948578{padding-top: 100px !important;padding-bottom: 150px !important;}&#8221; css_tablet_portrait=&#8221;.vc_custom_1730973948579{padding-bottom: 35px !important;}&#8221; css_mobile=&#8221;.vc_custom_1730973948580{padding-bottom: 35px !important;}&#8221; css_tablet_landscape=&#8221;.vc_custom_1730973948579{padding-bottom: 35px !important;}&#8221;][vc_column width=&#8221;2\/3&#8243; css=&#8221;.vc_custom_1516115464846{padding-left: 0px !important;}&#8221;][vc_basic_grid post_type=&#8221;post&#8221; max_items=&#8221;-1&#8243; style=&#8221;load-more&#8221; items_per_page=&#8221;8&#8243; element_width=&#8221;6&#8243; gap=&#8221;20&#8243; item=&#8221;11723&#8243; btn_title=&#8221;Carregar mais&#8221; btn_style=&#8221;modern&#8221; btn_color=&#8221;default&#8221; grid_id=&#8221;vc_gid:1732206782364-4f59057e-81c9-5&#8243; taxonomies=&#8221;70&#8243;][\/vc_column][vc_column width=&#8221;1\/3&#8243;][vc_widget_sidebar sidebar_id=&#8221;blog-sidebar&#8221;][\/vc_column][\/vc_row][vc_row content_placement=&#8221;middle&#8221; kd_background_image_position=&#8221;vc_row-bg-position-top&#8221; css=&#8221;.vc_custom_1732206554454{margin-bottom: -150px !important;padding-top: 70px !important;padding-bottom: 70px !important;background-color: #f5fafc !important;background-position: center !important;background-repeat: no-repeat !important;background-size: cover !important;border-radius: 50px !important;}&#8221; el_class=&#8221;call-to-action-section&#8221; css_tablet_portrait=&#8221;.vc_custom_1732206554455{margin-bottom: -100px !important;}&#8221; css_mobile=&#8221;.vc_custom_1732206554456{margin-bottom: -100px !important;}&#8221;][vc_column css=&#8221;.vc_custom_1599033942268{padding-right: 130px !important;padding-left: 130px !important;}&#8221; css_tablet_portrait=&#8221;.vc_custom_1599033942270{padding-right: 30px !important;padding-left: 30px !important;}&#8221; css_mobile=&#8221;.vc_custom_1599033942271{padding-right: 30px !important;padding-left: 30px !important;}&#8221; css_tablet_landscape=&#8221;.vc_custom_1599033942269{padding-right: 50px !important;padding-left: 50px !important;}&#8221;][vc_row_inner kd_background_image_position=&#8221;vc_row-bg-position-top&#8221;][vc_column_inner]<div data-speed=\"3000\" class=\"kd-text-rotator kd-rotatorid-69e1348b8a62c text-center \"><h2 class=\"kd-text-rotator-container slide\" style=\" font-size: 40px;\">Experimenta Gr\u00e1tis! <span class=\"kd-rotator-wrapper\"><span class=\"rotator-single is-visible\">Come\u00e7a hoje!<\/span><span class=\"rotator-single \">Acelera o teu neg\u00f3cio!<\/span><span class=\"rotator-single \">Torna o neg\u00f3cio de Master!<\/span><\/span><\/h2><\/div><header class=\"kd-section-title col-lg-12 text-center  subtitle-below-title kd-animated fadeIn   vc_custom_1730115664909\" data-animation-delay=200><h6 class=\"subtitle\" >Explora o Masterway durante 30 dias, gr\u00e1tis.<br \/>\nTodos os m\u00f3dulos e funcionalidades, sem limites de documentos ou valores!<\/h6><\/header><a  href=\"https:\/\/cloud.masterway.net\/?action=demoregister&CodMarket=MZ&Reference=\"  target=\"_blank\"  title=\"\"  class=\"tt_button tt_primary_button btn_secondary_color  button-center button-action-link   kd-animated zoomIn add-margin-right\" data-animation-delay=200><span class=\"prim_text\">Experimenta gr\u00e1tis<\/span><\/a>[\/vc_column_inner][\/vc_row_inner][\/vc_column][\/vc_row]<\/p>\n","protected":false},"excerpt":{"rendered":"<p>[vc_row full_width=&#8221;stretch_row&#8221; kd_background_image_position=&#8221;vc_row-bg-position-top&#8221; kd_bottom_separator_style=&#8221;waves&#8221; kd_bottom_separator_height=&#8221;separator-height-large&#8221; kd_bottom_separator=&#8221;true&#8221; css=&#8221;.vc_custom_1730912559875{padding-top: 160px !important;padding-bottom: 160px !important;background-color: #51a1d3 !important;background-position: center !important;background-repeat: no-repeat !important;background-size: cover !important;}&#8221; el_class=&#8221;intro-section&#8221; [&hellip;]<\/p>\n","protected":false},"author":2,"featured_media":12561,"parent":0,"menu_order":0,"comment_status":"closed","ping_status":"closed","template":"","meta":{"footnotes":""},"class_list":["post-12567","page","type-page","status-publish","has-post-thumbnail","hentry"],"yoast_head":"<!-- This site is optimized with the Yoast SEO plugin v27.3 - https:\/\/yoast.com\/product\/yoast-seo-wordpress\/ -->\n<title>Not\u00edcias - Masterway<\/title>\n<meta name=\"robots\" content=\"index, follow, max-snippet:-1, max-image-preview:large, max-video-preview:-1\" \/>\n<link rel=\"canonical\" href=\"https:\/\/masterway.net\/mz\/noticias\/\" \/>\n<meta property=\"og:locale\" content=\"en_US\" \/>\n<meta property=\"og:type\" content=\"article\" \/>\n<meta property=\"og:title\" content=\"Not\u00edcias - Masterway\" \/>\n<meta property=\"og:description\" content=\"[vc_row full_width=&#8221;stretch_row&#8221; kd_background_image_position=&#8221;vc_row-bg-position-top&#8221; kd_bottom_separator_style=&#8221;waves&#8221; kd_bottom_separator_height=&#8221;separator-height-large&#8221; kd_bottom_separator=&#8221;true&#8221; css=&#8221;.vc_custom_1730912559875{padding-top: 160px !important;padding-bottom: 160px !important;background-color: #51a1d3 !important;background-position: center !important;background-repeat: no-repeat !important;background-size: cover !important;}&#8221; el_class=&#8221;intro-section&#8221; [&hellip;]\" \/>\n<meta property=\"og:url\" content=\"https:\/\/masterway.net\/mz\/noticias\/\" \/>\n<meta property=\"og:site_name\" content=\"Masterway\" \/>\n<meta property=\"article:publisher\" content=\"https:\/\/www.facebook.com\/masterwaysoftware\" \/>\n<meta property=\"article:modified_time\" content=\"2024-11-28T14:59:17+00:00\" \/>\n<meta property=\"og:image\" content=\"https:\/\/masterway.net\/wp-content\/uploads\/2020\/11\/dots-shape.png\" \/>\n\t<meta property=\"og:image:width\" content=\"1370\" \/>\n\t<meta property=\"og:image:height\" content=\"241\" \/>\n\t<meta property=\"og:image:type\" content=\"image\/png\" \/>\n<meta name=\"twitter:card\" content=\"summary_large_image\" \/>\n<meta name=\"twitter:label1\" content=\"Est. reading time\" \/>\n\t<meta name=\"twitter:data1\" content=\"4 minutes\" \/>\n<script type=\"application\/ld+json\" class=\"yoast-schema-graph\">{\"@context\":\"https:\\\/\\\/schema.org\",\"@graph\":[{\"@type\":\"WebPage\",\"@id\":\"https:\\\/\\\/masterway.net\\\/mz\\\/noticias\\\/\",\"url\":\"https:\\\/\\\/masterway.net\\\/mz\\\/noticias\\\/\",\"name\":\"Not\u00edcias - Masterway\",\"isPartOf\":{\"@id\":\"https:\\\/\\\/masterway.net\\\/mz\\\/#website\"},\"primaryImageOfPage\":{\"@id\":\"https:\\\/\\\/masterway.net\\\/mz\\\/noticias\\\/#primaryimage\"},\"image\":{\"@id\":\"https:\\\/\\\/masterway.net\\\/mz\\\/noticias\\\/#primaryimage\"},\"thumbnailUrl\":\"https:\\\/\\\/masterway.net\\\/wp-content\\\/uploads\\\/2020\\\/11\\\/dots-shape.png\",\"datePublished\":\"2024-10-09T15:12:32+00:00\",\"dateModified\":\"2024-11-28T14:59:17+00:00\",\"breadcrumb\":{\"@id\":\"https:\\\/\\\/masterway.net\\\/mz\\\/noticias\\\/#breadcrumb\"},\"inLanguage\":\"MZ\",\"potentialAction\":[{\"@type\":\"ReadAction\",\"target\":[\"https:\\\/\\\/masterway.net\\\/mz\\\/noticias\\\/\"]}]},{\"@type\":\"ImageObject\",\"inLanguage\":\"MZ\",\"@id\":\"https:\\\/\\\/masterway.net\\\/mz\\\/noticias\\\/#primaryimage\",\"url\":\"https:\\\/\\\/masterway.net\\\/wp-content\\\/uploads\\\/2020\\\/11\\\/dots-shape.png\",\"contentUrl\":\"https:\\\/\\\/masterway.net\\\/wp-content\\\/uploads\\\/2020\\\/11\\\/dots-shape.png\",\"width\":1370,\"height\":241},{\"@type\":\"BreadcrumbList\",\"@id\":\"https:\\\/\\\/masterway.net\\\/mz\\\/noticias\\\/#breadcrumb\",\"itemListElement\":[{\"@type\":\"ListItem\",\"position\":1,\"name\":\"In\u00edcio\",\"item\":\"https:\\\/\\\/masterway.net\\\/mz\\\/\"},{\"@type\":\"ListItem\",\"position\":2,\"name\":\"Not\u00edcias\"}]},{\"@type\":\"WebSite\",\"@id\":\"https:\\\/\\\/masterway.net\\\/mz\\\/#website\",\"url\":\"https:\\\/\\\/masterway.net\\\/mz\\\/\",\"name\":\"Masterway\",\"description\":\"\",\"publisher\":{\"@id\":\"https:\\\/\\\/masterway.net\\\/mz\\\/#organization\"},\"potentialAction\":[{\"@type\":\"SearchAction\",\"target\":{\"@type\":\"EntryPoint\",\"urlTemplate\":\"https:\\\/\\\/masterway.net\\\/mz\\\/?s={search_term_string}\"},\"query-input\":{\"@type\":\"PropertyValueSpecification\",\"valueRequired\":true,\"valueName\":\"search_term_string\"}}],\"inLanguage\":\"MZ\"},{\"@type\":\"Organization\",\"@id\":\"https:\\\/\\\/masterway.net\\\/mz\\\/#organization\",\"name\":\"Masterway\",\"url\":\"https:\\\/\\\/masterway.net\\\/mz\\\/\",\"logo\":{\"@type\":\"ImageObject\",\"inLanguage\":\"MZ\",\"@id\":\"https:\\\/\\\/masterway.net\\\/mz\\\/#\\\/schema\\\/logo\\\/image\\\/\",\"url\":\"https:\\\/\\\/masterway.net\\\/wp-content\\\/uploads\\\/2024\\\/02\\\/masterway-logo-color.svg\",\"contentUrl\":\"https:\\\/\\\/masterway.net\\\/wp-content\\\/uploads\\\/2024\\\/02\\\/masterway-logo-color.svg\",\"width\":1,\"height\":1,\"caption\":\"Masterway\"},\"image\":{\"@id\":\"https:\\\/\\\/masterway.net\\\/mz\\\/#\\\/schema\\\/logo\\\/image\\\/\"},\"sameAs\":[\"https:\\\/\\\/www.facebook.com\\\/masterwaysoftware\"]}]}<\/script>\n<!-- \/ Yoast SEO plugin. -->","yoast_head_json":{"title":"Not\u00edcias - Masterway","robots":{"index":"index","follow":"follow","max-snippet":"max-snippet:-1","max-image-preview":"max-image-preview:large","max-video-preview":"max-video-preview:-1"},"canonical":"https:\/\/masterway.net\/mz\/noticias\/","og_locale":"en_US","og_type":"article","og_title":"Not\u00edcias - Masterway","og_description":"[vc_row full_width=&#8221;stretch_row&#8221; kd_background_image_position=&#8221;vc_row-bg-position-top&#8221; kd_bottom_separator_style=&#8221;waves&#8221; kd_bottom_separator_height=&#8221;separator-height-large&#8221; kd_bottom_separator=&#8221;true&#8221; css=&#8221;.vc_custom_1730912559875{padding-top: 160px !important;padding-bottom: 160px !important;background-color: #51a1d3 !important;background-position: center !important;background-repeat: no-repeat !important;background-size: cover !important;}&#8221; el_class=&#8221;intro-section&#8221; [&hellip;]","og_url":"https:\/\/masterway.net\/mz\/noticias\/","og_site_name":"Masterway","article_publisher":"https:\/\/www.facebook.com\/masterwaysoftware","article_modified_time":"2024-11-28T14:59:17+00:00","og_image":[{"width":1370,"height":241,"url":"https:\/\/masterway.net\/wp-content\/uploads\/2020\/11\/dots-shape.png","type":"image\/png"}],"twitter_card":"summary_large_image","twitter_misc":{"Est. reading time":"4 minutes"},"schema":{"@context":"https:\/\/schema.org","@graph":[{"@type":"WebPage","@id":"https:\/\/masterway.net\/mz\/noticias\/","url":"https:\/\/masterway.net\/mz\/noticias\/","name":"Not\u00edcias - Masterway","isPartOf":{"@id":"https:\/\/masterway.net\/mz\/#website"},"primaryImageOfPage":{"@id":"https:\/\/masterway.net\/mz\/noticias\/#primaryimage"},"image":{"@id":"https:\/\/masterway.net\/mz\/noticias\/#primaryimage"},"thumbnailUrl":"https:\/\/masterway.net\/wp-content\/uploads\/2020\/11\/dots-shape.png","datePublished":"2024-10-09T15:12:32+00:00","dateModified":"2024-11-28T14:59:17+00:00","breadcrumb":{"@id":"https:\/\/masterway.net\/mz\/noticias\/#breadcrumb"},"inLanguage":"MZ","potentialAction":[{"@type":"ReadAction","target":["https:\/\/masterway.net\/mz\/noticias\/"]}]},{"@type":"ImageObject","inLanguage":"MZ","@id":"https:\/\/masterway.net\/mz\/noticias\/#primaryimage","url":"https:\/\/masterway.net\/wp-content\/uploads\/2020\/11\/dots-shape.png","contentUrl":"https:\/\/masterway.net\/wp-content\/uploads\/2020\/11\/dots-shape.png","width":1370,"height":241},{"@type":"BreadcrumbList","@id":"https:\/\/masterway.net\/mz\/noticias\/#breadcrumb","itemListElement":[{"@type":"ListItem","position":1,"name":"In\u00edcio","item":"https:\/\/masterway.net\/mz\/"},{"@type":"ListItem","position":2,"name":"Not\u00edcias"}]},{"@type":"WebSite","@id":"https:\/\/masterway.net\/mz\/#website","url":"https:\/\/masterway.net\/mz\/","name":"Masterway","description":"","publisher":{"@id":"https:\/\/masterway.net\/mz\/#organization"},"potentialAction":[{"@type":"SearchAction","target":{"@type":"EntryPoint","urlTemplate":"https:\/\/masterway.net\/mz\/?s={search_term_string}"},"query-input":{"@type":"PropertyValueSpecification","valueRequired":true,"valueName":"search_term_string"}}],"inLanguage":"MZ"},{"@type":"Organization","@id":"https:\/\/masterway.net\/mz\/#organization","name":"Masterway","url":"https:\/\/masterway.net\/mz\/","logo":{"@type":"ImageObject","inLanguage":"MZ","@id":"https:\/\/masterway.net\/mz\/#\/schema\/logo\/image\/","url":"https:\/\/masterway.net\/wp-content\/uploads\/2024\/02\/masterway-logo-color.svg","contentUrl":"https:\/\/masterway.net\/wp-content\/uploads\/2024\/02\/masterway-logo-color.svg","width":1,"height":1,"caption":"Masterway"},"image":{"@id":"https:\/\/masterway.net\/mz\/#\/schema\/logo\/image\/"},"sameAs":["https:\/\/www.facebook.com\/masterwaysoftware"]}]}},"_links":{"self":[{"href":"https:\/\/masterway.net\/mz\/wp-json\/wp\/v2\/pages\/12567","targetHints":{"allow":["GET"]}}],"collection":[{"href":"https:\/\/masterway.net\/mz\/wp-json\/wp\/v2\/pages"}],"about":[{"href":"https:\/\/masterway.net\/mz\/wp-json\/wp\/v2\/types\/page"}],"author":[{"embeddable":true,"href":"https:\/\/masterway.net\/mz\/wp-json\/wp\/v2\/users\/2"}],"replies":[{"embeddable":true,"href":"https:\/\/masterway.net\/mz\/wp-json\/wp\/v2\/comments?post=12567"}],"version-history":[{"count":7,"href":"https:\/\/masterway.net\/mz\/wp-json\/wp\/v2\/pages\/12567\/revisions"}],"predecessor-version":[{"id":14542,"href":"https:\/\/masterway.net\/mz\/wp-json\/wp\/v2\/pages\/12567\/revisions\/14542"}],"wp:featuredmedia":[{"embeddable":true,"href":"https:\/\/masterway.net\/mz\/wp-json\/wp\/v2\/media\/12561"}],"wp:attachment":[{"href":"https:\/\/masterway.net\/mz\/wp-json\/wp\/v2\/media?parent=12567"}],"curies":[{"name":"wp","href":"https:\/\/api.w.org\/{rel}","templated":true}]}}