{"id":13456,"date":"2024-02-07T10:34:05","date_gmt":"2024-02-07T10:34:05","guid":{"rendered":"https:\/\/masterway.net\/politica-de-privacidade\/"},"modified":"2024-11-21T16:25:16","modified_gmt":"2024-11-21T16:25:16","slug":"politica-de-privacidade","status":"publish","type":"page","link":"https:\/\/masterway.net\/cv\/politica-de-privacidade\/","title":{"rendered":"Pol\u00edtica de privacidade"},"content":{"rendered":"<p>[vc_row full_width=&#8221;stretch_row&#8221; kd_background_image_position=&#8221;vc_row-bg-position-top&#8221; kd_bottom_separator_style=&#8221;waves&#8221; kd_bottom_separator_height=&#8221;separator-height-large&#8221; kd_bottom_separator=&#8221;true&#8221; css=&#8221;.vc_custom_1730912559875{padding-top: 160px !important;padding-bottom: 160px !important;background-color: #51a1d3 !important;background-position: center !important;background-repeat: no-repeat !important;background-size: cover !important;}&#8221; el_class=&#8221;intro-section&#8221; css_mobile=&#8221;.vc_custom_1730912559878{padding-top: 100px !important;padding-bottom: 150px !important;}&#8221; css_tablet_portrait=&#8221;.vc_custom_1730912559877{padding-top: 200px !important;padding-bottom: 250px !important;}&#8221;][vc_column][vc_row_inner kd_background_image_position=&#8221;vc_row-bg-position-top&#8221;][vc_column_inner]<header class=\"kd-section-title col-lg-12 text-center  subtitle-below-title kd-animated fadeIn   vc_custom_1730915485191\" data-animation-delay=200><h1 class=\"separator_off\" style=\"color: #ffffff;font-size: 52px;line-height: 68px;\">Pol\u00edtica de privacidade<\/h1><\/header><div class=\"scroll-down-wrapper sd-align-center kd-animated fadeInUp  vc_custom_1730914581932\" data-animation-delay=200><a href=\"#first-section\" class=\"scroll-down-arrow btn-smooth-scroll\" style=\"background-color: #ffffff;\" aria-label=\"Scroll down\"><\/a><\/div>[\/vc_column_inner][\/vc_row_inner][\/vc_column][\/vc_row][vc_row kd_background_image_position=&#8221;vc_row-bg-position-top&#8221; el_id=&#8221;first-section&#8221; css=&#8221;.vc_custom_1728555270013{padding-top: 100px !important;padding-bottom: 100px !important;}&#8221;][vc_column][vc_custom_heading text=&#8221;Quem somos&#8221; font_container=&#8221;tag:h5|text_align:left|color:%23797979&#8243; use_theme_fonts=&#8221;yes&#8221;][vc_column_text]<\/p>\n<p>Somos a Masterstrategy, Consultoria Estrat\u00e9gica, Lda. com sede na Zona Industrial da Sert\u00e3, Lote 3, Edif\u00edcio SerQ, Sala Nuno Alvares Pereira, 6100-711 Sert\u00e3, matriculada na Conservat\u00f3ria do Registo Comercial RNPC sob o n\u00famero \u00fanico de matr\u00edcula e identifica\u00e7\u00e3o de pessoa coletiva 509 812 473, com o capital social de \u20ac 5.000.<\/p>\n<p>Nesta pol\u00edtica de privacidade Sendys Group refere-se \u00e0 Masterstrategy e \u00e0s empresas abaixo indicadas com quem formalizamos uma \u00e1rea de servi\u00e7os partilhados que garante o cumprimento do regulamento de prote\u00e7\u00e3o de dados pessoais:<\/p>\n<ul>\n<li>Sendys &#8211; Tecnologias de Informa\u00e7\u00e3o, Lda.<\/li>\n<li>Alidata &#8211; Solu\u00e7\u00f5es Inform\u00e1ticas, Lda.<\/li>\n<li>Labseal &#8211; Investiga\u00e7\u00e3o e Tecnologia, Lda.<\/li>\n<li>Marca Criativa &#8211; Design e Marketing, Lda.<\/li>\n<\/ul>\n<p>Pode contactar-nos atrav\u00e9s do nosso n\u00famero de telefone geral\u00a0<a href=\"tel:217 960 398\">217 960 398<\/a>. A sua opini\u00e3o \u00e9 muito importante para n\u00f3s \u2013 se tiver perguntas sobre a nossa Pol\u00edtica de Privacidade pode enviar um email para o nosso Encarregado da Prote\u00e7\u00e3o de Dados para o endere\u00e7o\u00a0<a href=\"mailto:rgpd@sendysgroup.com\">rgpd@sendysgroup.com<\/a><\/p>\n<p>[\/vc_column_text][vc_custom_heading text=&#8221;O nosso compromisso&#8221; font_container=&#8221;tag:h5|text_align:left|color:%23797979&#8243; use_theme_fonts=&#8221;yes&#8221;][vc_column_text]<\/p>\n<p>A prote\u00e7\u00e3o da privacidade dos indiv\u00edduos constitui um compromisso absolutamente fundamental da Masterstrategy para com os seus clientes e utilizadores das suas aplica\u00e7\u00f5es ou websites. Este compromisso estende-se \u00e0s empresas pertencentes ao Sendys Group.<\/p>\n<p>[\/vc_column_text][vc_custom_heading text=&#8221;O Masterway&#8221; font_container=&#8221;tag:h5|text_align:left|color:%23797979&#8243; use_theme_fonts=&#8221;yes&#8221;][vc_column_text]<\/p>\n<p>Os produtos da fam\u00edlia Masterway, comercializados sob a forma de \u201cSoftware as a Service\u201d, s\u00e3o desenvolvidos, geridos e suportados pela Masterstrategy.<\/p>\n<p>Estes produtos encontram-se alojados num datacenter de um parceiro devidamente qualificado para o efeito no espa\u00e7o da Uni\u00e3o Europeia e n\u00e3o utilizam cookies (ver informa\u00e7\u00e3o relativa a cookies do site institucional em \u201cPorque usamos cookies?\u201d).<\/p>\n<p>A Masterstrategy monitoriza permanentemente esta infraestrutura como garante adicional de disponibilidade e seguran\u00e7a.<\/p>\n<p>Os dados s\u00e3o integralmente recolhidos e inseridos pelo Cliente.<\/p>\n<p>A responsabilidade quanto \u00e0 licitude do tratamento dos mesmos \u00e9 da inteira responsabilidade do Cliente bem como a resposta ao exerc\u00edcio dos direitos sobre os dados, por parte dos respetivos titulares.<\/p>\n<p>[\/vc_column_text][vc_custom_heading text=&#8221;Que tipo de dados registamos?&#8221; font_container=&#8221;tag:h5|text_align:left|color:%23797979&#8243; use_theme_fonts=&#8221;yes&#8221;][vc_column_text]<\/p>\n<p>Os dados recolhidos pela Masterstrategy sobre os seus clientes s\u00e3o os estritamente necess\u00e1rios \u00e0 presta\u00e7\u00e3o do servi\u00e7o:<\/p>\n<ul>\n<li>Nome, morada, NIF para efeitos de fatura\u00e7\u00e3o<\/li>\n<li>Nomes dos colaboradores, e-mail, telefone e cargo para contactos no \u00e2mbito da presta\u00e7\u00e3o do servi\u00e7o e comunica\u00e7\u00f5es relevantes relacionadas com o mesmo<\/li>\n<li>Na ativa\u00e7\u00e3o do servi\u00e7o s\u00e3o solicitados os dados estritamente necess\u00e1rios para cria\u00e7\u00e3o da conta do utilizador<\/li>\n<\/ul>\n<p>Podem ainda ser recolhidos dados id\u00eanticos no \u00e2mbito de eventos promovidos pela Masterstrategy ou por terceiros para a apresenta\u00e7\u00e3o de produtos ou solu\u00e7\u00f5es ou para a promo\u00e7\u00e3o de outros eventos.<\/p>\n<p>[\/vc_column_text][vc_custom_heading text=&#8221;Como \u00e9 que os dados s\u00e3o utilizados?&#8221; font_container=&#8221;tag:h5|text_align:left|color:%23797979&#8243; use_theme_fonts=&#8221;yes&#8221;][vc_column_text]<\/p>\n<div>\n<p>Os dados recolhidos ser\u00e3o utilizados na comunica\u00e7\u00e3o com clientes no \u00e2mbito da rela\u00e7\u00e3o comercial existente. A Masterstrategy s\u00f3 utiliza os dados recolhidos para as finalidades contratadas.<\/p>\n<\/div>\n<p>[\/vc_column_text][vc_custom_heading text=&#8221;Quem tem acesso aos dados recolhidos?&#8221; font_container=&#8221;tag:h5|text_align:left|color:%23797979&#8243; use_theme_fonts=&#8221;yes&#8221;][vc_column_text]<\/p>\n<p>Os dados recolhidos apenas ser\u00e3o tratados pelas empresas do Sendys Group.<\/p>\n<p>Caso participe num evento promovido pela Masterstrategy, esta poder\u00e1 partilhar informa\u00e7\u00e3o b\u00e1sica com outros participantes ou parceiros no mesmo evento.<\/p>\n<p>Os seus dados pessoais poder\u00e3o tamb\u00e9m ser tratados por empresas subcontratadas pela Masterstrategy, nomeadamente para o alojamento de p\u00e1gina ou aplica\u00e7\u00e3o web, e-mail ou envio de comunica\u00e7\u00f5es (newsletters).<\/p>\n<p>S\u00e3o fornecidas a estas entidades apenas os dados pessoais estritamente necess\u00e1rios \u00e0 presta\u00e7\u00e3o do servi\u00e7o em causa.<\/p>\n<p>Nesse caso a Masterstrategy tomar\u00e1 as medidas contratuais necess\u00e1rias para garantir que os subcontratantes respeitam e protegem os dados pessoais do titular.<\/p>\n<p>A Masterstrategy nunca vende ou distribui os seus dados sem o seu consentimento, exceto nas seguintes situa\u00e7\u00f5es:<\/p>\n<ul>\n<li>Quando se trate de dar cumprimento a requisitos legais<\/li>\n<li>Quando notificada ou intimada judicialmente para esse efeito<\/li>\n<li>Quando o utilizador violar os termos e\/ou condi\u00e7\u00f5es de utiliza\u00e7\u00e3o do servi\u00e7o.<\/li>\n<\/ul>\n<p>Neste caso os seus dados poder\u00e3o ser utilizados para efeitos de responsabilidade civil, contraordenacional ou criminal.<\/p>\n<p>[\/vc_column_text][vc_custom_heading text=&#8221;Onde s\u00e3o guardados os seus dados pessoais?&#8221; font_container=&#8221;tag:h5|text_align:left|color:%23797979&#8243; use_theme_fonts=&#8221;yes&#8221;][vc_column_text]<\/p>\n<div>\n<p>A Masterstrategy guarda os dados recolhidos nos seus servidores localizados na Uni\u00e3o Europeia. Estes servidores s\u00e3o geridos de acordo com os mais elevados standards de seguran\u00e7a por forma a respeitar as leis de privacidade.<\/p>\n<\/div>\n<p>[\/vc_column_text][vc_custom_heading text=&#8221;Porque usamos cookies?&#8221; font_container=&#8221;tag:h5|text_align:left|color:%23797979&#8243; use_theme_fonts=&#8221;yes&#8221;][vc_column_text]No nosso site institucional usamos cookies para fins meramente estat\u00edsticos de modo a melhor compreendermos quais os conte\u00fados mais relevantes. N\u00e3o guardamos qualquer informa\u00e7\u00e3o que permita a identifica\u00e7\u00e3o pessoal. Os dados recolhidos s\u00e3o:<\/p>\n<ul>\n<li>Endere\u00e7o IP e localiza\u00e7\u00e3o geogr\u00e1fica<\/li>\n<li>Dados gen\u00e9ricos sobre o dispositivo usado: sistema operativo, tipo e vers\u00e3o do browser, ecr\u00e3, etc.<\/li>\n<li>Motor de pesquisa usado para aceder ao site<\/li>\n<li>Data\/hora do acesso e dura\u00e7\u00e3o do mesmo<\/li>\n<li>P\u00e1ginas visualizadas e cliques<\/li>\n<\/ul>\n<p>[\/vc_column_text][vc_custom_heading text=&#8221;Links existentes nos nossos sites&#8221; font_container=&#8221;tag:h5|text_align:left|color:%23797979&#8243; use_theme_fonts=&#8221;yes&#8221;][vc_column_text]<\/p>\n<p>Os nossos websites poder\u00e3o conter links para websites de entidades externas ao Sendys Group e\/ou endere\u00e7os de e-mail igualmente externos. A pol\u00edtica de privacidade da Masterstrategy n\u00e3o se aplica a esses websites e\/ou endere\u00e7os.<\/p>\n<p>[\/vc_column_text][vc_custom_heading text=&#8221;Exerc\u00edcio dos direitos&#8221; font_container=&#8221;tag:h5|text_align:left|color:%23797979&#8243; use_theme_fonts=&#8221;yes&#8221;][vc_column_text]<\/p>\n<p>O titular dos dados pode a qualquer momento solicitar \u00e0 Masterstrategy informa\u00e7\u00f5es sobre que dados esta possui sobre si bem como a respetiva corre\u00e7\u00e3o ou elimina\u00e7\u00e3o.<\/p>\n<p>Pode ainda opor-se ao tratamento dos mesmos, com exce\u00e7\u00e3o dos estritamente necess\u00e1rios \u00e0 presta\u00e7\u00e3o de servi\u00e7os, e\/ou requerer a sua elimina\u00e7\u00e3o para fins de marketing ou telemarketing.<\/p>\n<p>Estes pedidos devem ser dirigidos ao nosso Encarregado da Prote\u00e7\u00e3o de Dados por mail ou carta fazendo prova da titularidade dos dados.<\/p>\n<p>Nos termos legais, o titular dos dados tem o direito de apresentar reclama\u00e7\u00e3o em mat\u00e9ria de prote\u00e7\u00e3o de dados pessoais \u00e0 autoridade de controlo competente, a Comiss\u00e3o Nacional de Prote\u00e7\u00e3o de Dados.<\/p>\n<p>[\/vc_column_text][vc_custom_heading text=&#8221;Recrutamento&#8221; font_container=&#8221;tag:h5|text_align:left|color:%23797979&#8243; use_theme_fonts=&#8221;yes&#8221;][vc_column_text]<\/p>\n<p>A informa\u00e7\u00e3o fornecida em candidaturas, espont\u00e2neas ou n\u00e3o, poder\u00e1 ser acedida por uma ou mais empresas do Sendys Group.<\/p>\n<p>Os dados facultados e CVs ser\u00e3o armazenados por um per\u00edodo de 5 anos mantendo os seus titulares os direitos descritos nesta pol\u00edtica.<\/p>\n<p>[\/vc_column_text][\/vc_column][\/vc_row][vc_row content_placement=&#8221;middle&#8221; kd_background_image_position=&#8221;vc_row-bg-position-top&#8221; css=&#8221;.vc_custom_1732205841345{margin-bottom: -150px !important;padding-top: 70px !important;padding-bottom: 70px !important;background-color: #f5fafc !important;background-position: center !important;background-repeat: no-repeat !important;background-size: cover !important;border-radius: 50px !important;}&#8221; el_class=&#8221;call-to-action-section&#8221; css_tablet_portrait=&#8221;.vc_custom_1732205841346{margin-bottom: -100px !important;}&#8221; css_mobile=&#8221;.vc_custom_1732205841346{margin-bottom: -100px !important;}&#8221;][vc_column css=&#8221;.vc_custom_1599033942268{padding-right: 130px !important;padding-left: 130px !important;}&#8221; css_tablet_portrait=&#8221;.vc_custom_1599033942270{padding-right: 30px !important;padding-left: 30px !important;}&#8221; css_mobile=&#8221;.vc_custom_1599033942271{padding-right: 30px !important;padding-left: 30px !important;}&#8221; css_tablet_landscape=&#8221;.vc_custom_1599033942269{padding-right: 50px !important;padding-left: 50px !important;}&#8221;][vc_row_inner kd_background_image_position=&#8221;vc_row-bg-position-top&#8221;][vc_column_inner]<div data-speed=\"3000\" class=\"kd-text-rotator kd-rotatorid-69e105d2704a7 text-center \"><h2 class=\"kd-text-rotator-container slide\" style=\" font-size: 40px;\">Experimenta Gr\u00e1tis! <span class=\"kd-rotator-wrapper\"><span class=\"rotator-single is-visible\">Come\u00e7a hoje!<\/span><span class=\"rotator-single \">Acelera o teu neg\u00f3cio!<\/span><span class=\"rotator-single \">Torna o neg\u00f3cio de Master!<\/span><\/span><\/h2><\/div><header class=\"kd-section-title col-lg-12 text-center  subtitle-below-title kd-animated fadeIn   vc_custom_1730115664909\" data-animation-delay=200><h6 class=\"subtitle\" >Explora o Masterway durante 30 dias, gr\u00e1tis.<br \/>\nTodos os m\u00f3dulos e funcionalidades, sem limites de documentos ou valores!<\/h6><\/header><a  href=\"https:\/\/cloud.masterway.net\/?action=demoregister&CodMarket=CV&Reference=\"  target=\"_blank\"  title=\"\"  class=\"tt_button tt_primary_button btn_secondary_color  button-center button-action-link   kd-animated zoomIn add-margin-right\" data-animation-delay=200><span class=\"prim_text\">Experimenta gr\u00e1tis<\/span><\/a>[\/vc_column_inner][\/vc_row_inner][\/vc_column][\/vc_row]<\/p>\n","protected":false},"excerpt":{"rendered":"<p>[vc_row full_width=&#8221;stretch_row&#8221; kd_background_image_position=&#8221;vc_row-bg-position-top&#8221; kd_bottom_separator_style=&#8221;waves&#8221; kd_bottom_separator_height=&#8221;separator-height-large&#8221; kd_bottom_separator=&#8221;true&#8221; css=&#8221;.vc_custom_1730912559875{padding-top: 160px !important;padding-bottom: 160px !important;background-color: #51a1d3 !important;background-position: center !important;background-repeat: no-repeat !important;background-size: cover !important;}&#8221; el_class=&#8221;intro-section&#8221; [&hellip;]<\/p>\n","protected":false},"author":1,"featured_media":0,"parent":0,"menu_order":0,"comment_status":"closed","ping_status":"open","template":"","meta":{"footnotes":""},"class_list":["post-13456","page","type-page","status-publish","hentry"],"yoast_head":"<!-- This site is optimized with the Yoast SEO plugin v27.3 - https:\/\/yoast.com\/product\/yoast-seo-wordpress\/ -->\n<title>Pol\u00edtica de privacidade - Masterway<\/title>\n<meta name=\"robots\" content=\"index, follow, max-snippet:-1, max-image-preview:large, max-video-preview:-1\" \/>\n<link rel=\"canonical\" href=\"https:\/\/masterway.net\/cv\/politica-de-privacidade\/\" \/>\n<meta property=\"og:locale\" content=\"en_US\" \/>\n<meta property=\"og:type\" content=\"article\" \/>\n<meta property=\"og:title\" content=\"Pol\u00edtica de privacidade - Masterway\" \/>\n<meta property=\"og:description\" content=\"[vc_row full_width=&#8221;stretch_row&#8221; kd_background_image_position=&#8221;vc_row-bg-position-top&#8221; kd_bottom_separator_style=&#8221;waves&#8221; kd_bottom_separator_height=&#8221;separator-height-large&#8221; kd_bottom_separator=&#8221;true&#8221; css=&#8221;.vc_custom_1730912559875{padding-top: 160px !important;padding-bottom: 160px !important;background-color: #51a1d3 !important;background-position: center !important;background-repeat: no-repeat !important;background-size: cover !important;}&#8221; el_class=&#8221;intro-section&#8221; [&hellip;]\" \/>\n<meta property=\"og:url\" content=\"https:\/\/masterway.net\/cv\/politica-de-privacidade\/\" \/>\n<meta property=\"og:site_name\" content=\"Masterway\" \/>\n<meta property=\"article:publisher\" content=\"https:\/\/www.facebook.com\/masterwaysoftware\" \/>\n<meta property=\"article:modified_time\" content=\"2024-11-21T16:25:16+00:00\" \/>\n<meta name=\"twitter:card\" content=\"summary_large_image\" \/>\n<meta name=\"twitter:label1\" content=\"Est. reading time\" \/>\n\t<meta name=\"twitter:data1\" content=\"9 minutes\" \/>\n<script type=\"application\/ld+json\" class=\"yoast-schema-graph\">{\"@context\":\"https:\\\/\\\/schema.org\",\"@graph\":[{\"@type\":\"WebPage\",\"@id\":\"https:\\\/\\\/masterway.net\\\/cv\\\/politica-de-privacidade\\\/\",\"url\":\"https:\\\/\\\/masterway.net\\\/cv\\\/politica-de-privacidade\\\/\",\"name\":\"Pol\u00edtica de privacidade - Masterway\",\"isPartOf\":{\"@id\":\"https:\\\/\\\/masterway.net\\\/cv\\\/#website\"},\"datePublished\":\"2024-02-07T10:34:05+00:00\",\"dateModified\":\"2024-11-21T16:25:16+00:00\",\"breadcrumb\":{\"@id\":\"https:\\\/\\\/masterway.net\\\/cv\\\/politica-de-privacidade\\\/#breadcrumb\"},\"inLanguage\":\"CV\",\"potentialAction\":[{\"@type\":\"ReadAction\",\"target\":[\"https:\\\/\\\/masterway.net\\\/cv\\\/politica-de-privacidade\\\/\"]}]},{\"@type\":\"BreadcrumbList\",\"@id\":\"https:\\\/\\\/masterway.net\\\/cv\\\/politica-de-privacidade\\\/#breadcrumb\",\"itemListElement\":[{\"@type\":\"ListItem\",\"position\":1,\"name\":\"In\u00edcio\",\"item\":\"https:\\\/\\\/masterway.net\\\/cv\\\/\"},{\"@type\":\"ListItem\",\"position\":2,\"name\":\"Pol\u00edtica de privacidade\"}]},{\"@type\":\"WebSite\",\"@id\":\"https:\\\/\\\/masterway.net\\\/cv\\\/#website\",\"url\":\"https:\\\/\\\/masterway.net\\\/cv\\\/\",\"name\":\"Masterway\",\"description\":\"\",\"publisher\":{\"@id\":\"https:\\\/\\\/masterway.net\\\/cv\\\/#organization\"},\"potentialAction\":[{\"@type\":\"SearchAction\",\"target\":{\"@type\":\"EntryPoint\",\"urlTemplate\":\"https:\\\/\\\/masterway.net\\\/cv\\\/?s={search_term_string}\"},\"query-input\":{\"@type\":\"PropertyValueSpecification\",\"valueRequired\":true,\"valueName\":\"search_term_string\"}}],\"inLanguage\":\"CV\"},{\"@type\":\"Organization\",\"@id\":\"https:\\\/\\\/masterway.net\\\/cv\\\/#organization\",\"name\":\"Masterway\",\"url\":\"https:\\\/\\\/masterway.net\\\/cv\\\/\",\"logo\":{\"@type\":\"ImageObject\",\"inLanguage\":\"CV\",\"@id\":\"https:\\\/\\\/masterway.net\\\/cv\\\/#\\\/schema\\\/logo\\\/image\\\/\",\"url\":\"https:\\\/\\\/masterway.net\\\/wp-content\\\/uploads\\\/2024\\\/02\\\/masterway-logo-color.svg\",\"contentUrl\":\"https:\\\/\\\/masterway.net\\\/wp-content\\\/uploads\\\/2024\\\/02\\\/masterway-logo-color.svg\",\"width\":1,\"height\":1,\"caption\":\"Masterway\"},\"image\":{\"@id\":\"https:\\\/\\\/masterway.net\\\/cv\\\/#\\\/schema\\\/logo\\\/image\\\/\"},\"sameAs\":[\"https:\\\/\\\/www.facebook.com\\\/masterwaysoftware\"]}]}<\/script>\n<!-- \/ Yoast SEO plugin. -->","yoast_head_json":{"title":"Pol\u00edtica de privacidade - Masterway","robots":{"index":"index","follow":"follow","max-snippet":"max-snippet:-1","max-image-preview":"max-image-preview:large","max-video-preview":"max-video-preview:-1"},"canonical":"https:\/\/masterway.net\/cv\/politica-de-privacidade\/","og_locale":"en_US","og_type":"article","og_title":"Pol\u00edtica de privacidade - Masterway","og_description":"[vc_row full_width=&#8221;stretch_row&#8221; kd_background_image_position=&#8221;vc_row-bg-position-top&#8221; kd_bottom_separator_style=&#8221;waves&#8221; kd_bottom_separator_height=&#8221;separator-height-large&#8221; kd_bottom_separator=&#8221;true&#8221; css=&#8221;.vc_custom_1730912559875{padding-top: 160px !important;padding-bottom: 160px !important;background-color: #51a1d3 !important;background-position: center !important;background-repeat: no-repeat !important;background-size: cover !important;}&#8221; el_class=&#8221;intro-section&#8221; [&hellip;]","og_url":"https:\/\/masterway.net\/cv\/politica-de-privacidade\/","og_site_name":"Masterway","article_publisher":"https:\/\/www.facebook.com\/masterwaysoftware","article_modified_time":"2024-11-21T16:25:16+00:00","twitter_card":"summary_large_image","twitter_misc":{"Est. reading time":"9 minutes"},"schema":{"@context":"https:\/\/schema.org","@graph":[{"@type":"WebPage","@id":"https:\/\/masterway.net\/cv\/politica-de-privacidade\/","url":"https:\/\/masterway.net\/cv\/politica-de-privacidade\/","name":"Pol\u00edtica de privacidade - Masterway","isPartOf":{"@id":"https:\/\/masterway.net\/cv\/#website"},"datePublished":"2024-02-07T10:34:05+00:00","dateModified":"2024-11-21T16:25:16+00:00","breadcrumb":{"@id":"https:\/\/masterway.net\/cv\/politica-de-privacidade\/#breadcrumb"},"inLanguage":"CV","potentialAction":[{"@type":"ReadAction","target":["https:\/\/masterway.net\/cv\/politica-de-privacidade\/"]}]},{"@type":"BreadcrumbList","@id":"https:\/\/masterway.net\/cv\/politica-de-privacidade\/#breadcrumb","itemListElement":[{"@type":"ListItem","position":1,"name":"In\u00edcio","item":"https:\/\/masterway.net\/cv\/"},{"@type":"ListItem","position":2,"name":"Pol\u00edtica de privacidade"}]},{"@type":"WebSite","@id":"https:\/\/masterway.net\/cv\/#website","url":"https:\/\/masterway.net\/cv\/","name":"Masterway","description":"","publisher":{"@id":"https:\/\/masterway.net\/cv\/#organization"},"potentialAction":[{"@type":"SearchAction","target":{"@type":"EntryPoint","urlTemplate":"https:\/\/masterway.net\/cv\/?s={search_term_string}"},"query-input":{"@type":"PropertyValueSpecification","valueRequired":true,"valueName":"search_term_string"}}],"inLanguage":"CV"},{"@type":"Organization","@id":"https:\/\/masterway.net\/cv\/#organization","name":"Masterway","url":"https:\/\/masterway.net\/cv\/","logo":{"@type":"ImageObject","inLanguage":"CV","@id":"https:\/\/masterway.net\/cv\/#\/schema\/logo\/image\/","url":"https:\/\/masterway.net\/wp-content\/uploads\/2024\/02\/masterway-logo-color.svg","contentUrl":"https:\/\/masterway.net\/wp-content\/uploads\/2024\/02\/masterway-logo-color.svg","width":1,"height":1,"caption":"Masterway"},"image":{"@id":"https:\/\/masterway.net\/cv\/#\/schema\/logo\/image\/"},"sameAs":["https:\/\/www.facebook.com\/masterwaysoftware"]}]}},"_links":{"self":[{"href":"https:\/\/masterway.net\/cv\/wp-json\/wp\/v2\/pages\/13456","targetHints":{"allow":["GET"]}}],"collection":[{"href":"https:\/\/masterway.net\/cv\/wp-json\/wp\/v2\/pages"}],"about":[{"href":"https:\/\/masterway.net\/cv\/wp-json\/wp\/v2\/types\/page"}],"author":[{"embeddable":true,"href":"https:\/\/masterway.net\/cv\/wp-json\/wp\/v2\/users\/1"}],"replies":[{"embeddable":true,"href":"https:\/\/masterway.net\/cv\/wp-json\/wp\/v2\/comments?post=13456"}],"version-history":[{"count":3,"href":"https:\/\/masterway.net\/cv\/wp-json\/wp\/v2\/pages\/13456\/revisions"}],"predecessor-version":[{"id":13610,"href":"https:\/\/masterway.net\/cv\/wp-json\/wp\/v2\/pages\/13456\/revisions\/13610"}],"wp:attachment":[{"href":"https:\/\/masterway.net\/cv\/wp-json\/wp\/v2\/media?parent=13456"}],"curies":[{"name":"wp","href":"https:\/\/api.w.org\/{rel}","templated":true}]}}