{"id":13357,"date":"2024-10-08T09:25:20","date_gmt":"2024-10-08T09:25:20","guid":{"rendered":"https:\/\/masterway.net\/o-que-nos-diferencia\/"},"modified":"2024-11-21T16:23:15","modified_gmt":"2024-11-21T16:23:15","slug":"o-que-nos-diferencia","status":"publish","type":"page","link":"https:\/\/masterway.net\/cv\/o-que-nos-diferencia\/","title":{"rendered":"O que nos diferencia"},"content":{"rendered":"<p>[vc_row full_width=&#8221;stretch_row&#8221; kd_background_image_position=&#8221;vc_row-bg-position-top&#8221; kd_bottom_separator_style=&#8221;waves&#8221; kd_bottom_separator_height=&#8221;separator-height-large&#8221; kd_bottom_separator=&#8221;true&#8221; css=&#8221;.vc_custom_1730912559875{padding-top: 160px !important;padding-bottom: 160px !important;background-color: #51a1d3 !important;background-position: center !important;background-repeat: no-repeat !important;background-size: cover !important;}&#8221; el_class=&#8221;intro-section&#8221; css_mobile=&#8221;.vc_custom_1730912559878{padding-top: 100px !important;padding-bottom: 150px !important;}&#8221; css_tablet_portrait=&#8221;.vc_custom_1730912559877{padding-top: 200px !important;padding-bottom: 250px !important;}&#8221;][vc_column][vc_row_inner kd_background_image_position=&#8221;vc_row-bg-position-top&#8221;][vc_column_inner]<header class=\"kd-section-title col-lg-12 text-center  subtitle-below-title kd-animated fadeIn   vc_custom_1731605268441\" data-animation-delay=200><h1 class=\"separator_off\" style=\"color: #ffffff;font-size: 52px;line-height: 68px;\">O que nos diferencia<\/h1><\/header><div class=\"scroll-down-wrapper sd-align-center kd-animated fadeInUp  vc_custom_1730914581932\" data-animation-delay=200><a href=\"#first-section\" class=\"scroll-down-arrow btn-smooth-scroll\" style=\"background-color: #ffffff;\" aria-label=\"Scroll down\"><\/a><\/div>[\/vc_column_inner][\/vc_row_inner][\/vc_column][\/vc_row][vc_row kd_background_image_position=&#8221;vc_row-bg-position-top&#8221; css=&#8221;.vc_custom_1728403378549{padding-top: 100px !important;padding-bottom: 100px !important;}&#8221; el_id=&#8221;first-section&#8221;][vc_column css=&#8221;.vc_custom_1597665991208{padding-right: 0px !important;padding-left: 0px !important;}&#8221;][vc_row_inner kd_background_image_position=&#8221;vc_row-bg-position-top&#8221;][vc_column_inner width=&#8221;1\/3&#8243; css_tablet_portrait=&#8221;.vc_custom_1598606048566{padding-right: 10px !important;padding-left: 10px !important;}&#8221;]<div class=\"key-icon-box icon-default icon-top cont-center ib-hover-1  icon-with-shadow   icon-with-background icon-no-border kd-animated fadeInUp\" style=\"background-color: transparent;margin-bottom:30px;\" ><div class=\"ib-wrapper\" style=\"padding-top:45px;padding-bottom:60px;padding-left:60px;padding-right:60px;\"><div class=\"ib-icon-wrapper\" style=\"background-color: #e0f0fd;width:80px;height:80px;margin-bottom:20px;\"><i class=\"iconsmind-Retweet iconsmind-Signs-Symbols\" style=\"font-weight: 400;\"><\/i> <\/div><h3 class=\"service-heading\" >Produtor de software<br \/>\nRela\u00e7\u00e3o direta<\/h3><p style=\"color:#455880;\">Somos o \u00fanico produtor do software. Desenvolvimento de produto? Novas parametriza\u00e7\u00f5es? Suporte t\u00e9cnico? Fala diretamente connosco e n\u00e3o percas tempo.<\/p><\/div><\/div>[\/vc_column_inner][vc_column_inner width=&#8221;1\/3&#8243; css_tablet_portrait=&#8221;.vc_custom_1598606053781{padding-right: 10px !important;padding-left: 10px !important;}&#8221;]<div class=\"key-icon-box icon-default icon-top cont-center ib-hover-1  icon-with-shadow   icon-with-background icon-no-border kd-animated fadeInUp\" style=\"background-color: transparent;margin-bottom:30px;\" ><div class=\"ib-wrapper\" style=\"padding-top:45px;padding-bottom:60px;padding-left:60px;padding-right:60px;\"><div class=\"ib-icon-wrapper\" style=\"background-color: #e0f0fd;width:80px;height:80px;margin-bottom:20px;\"><i class=\"iconsmind-Hand-Touch iconsmind-Touch-Gestures\" style=\"font-weight: 400;\"><\/i> <\/div><h3 class=\"service-heading\" >Facilidade de utiliza\u00e7\u00e3o<\/h3><p style=\"color:#455880;\">Interfaces simples e intuitivos para uma experi\u00eancia de utiliza\u00e7\u00e3o pr\u00e1tica.<\/p><\/div><\/div>[\/vc_column_inner][vc_column_inner width=&#8221;1\/3&#8243; css_tablet_portrait=&#8221;.vc_custom_1598606059854{padding-right: 10px !important;padding-left: 10px !important;}&#8221;]<div class=\"key-icon-box icon-default icon-top cont-center ib-hover-1  icon-with-shadow   icon-with-background icon-no-border kd-animated fadeInUp\" style=\"background-color: transparent;margin-bottom:30px;\" ><div class=\"ib-wrapper\" style=\"padding-top:45px;padding-bottom:60px;padding-left:60px;padding-right:60px;\"><div class=\"ib-icon-wrapper\" style=\"background-color: #e0f0fd;width:80px;height:80px;margin-bottom:20px;\"><i class=\"iconsmind-Map iconsmind-Maps-Locations\" style=\"font-weight: 400;\"><\/i> <\/div><h3 class=\"service-heading\" >Oferta<br \/>\ndiversificada<\/h3><p style=\"color:#455880;\">Diversos m\u00f3dulos e planos, flex\u00edveis e adaptados ao teu setor de atividade e dimens\u00e3o.<\/p><\/div><\/div><div class=\"kd-shapes shape_dots with-parallax kd-animated zoomIn\" style=\"top: 0px;right: -40px;width: 172px;height: 173px;\" data-parallax-speed=\"-0.15\" data-animation-delay=400><\/div>[\/vc_column_inner][\/vc_row_inner][vc_row_inner kd_background_image_position=&#8221;vc_row-bg-position-top&#8221; css=&#8221;.vc_custom_1728397082603{margin-bottom: 40px !important;}&#8221;][vc_column_inner width=&#8221;1\/3&#8243; css_tablet_portrait=&#8221;.vc_custom_1598606048566{padding-right: 10px !important;padding-left: 10px !important;}&#8221;]<div class=\"key-icon-box icon-default icon-top cont-center ib-hover-1  icon-with-shadow   icon-with-background icon-no-border kd-animated fadeInUp\" style=\"background-color: transparent;margin-bottom:30px;\" ><div class=\"ib-wrapper\" style=\"padding-top:45px;padding-bottom:60px;padding-left:60px;padding-right:60px;\"><div class=\"ib-icon-wrapper\" style=\"background-color: #e0f0fd;width:80px;height:80px;margin-bottom:20px;\"><i class=\"iconsmind-Thumb iconsmind-Touch-Gestures\" style=\"font-weight: 400;\"><\/i> <\/div><h3 class=\"service-heading\" >Solu\u00e7\u00f5es especializadas<\/h3><p style=\"color:#455880;\">Produzimos solu\u00e7\u00f5es de acordo com as melhores pr\u00e1ticas e tend\u00eancias de mercado e para cada tipo de neg\u00f3cio.<\/p><\/div><\/div><div class=\"kd-shapes shape_dots with-parallax kd-animated zoomIn\" style=\"bottom: -100px;left: -35px;width: 172px;height: 173px;\" data-parallax-speed=\"-0.15\" data-animation-delay=400><\/div>[\/vc_column_inner][vc_column_inner width=&#8221;1\/3&#8243; css_tablet_portrait=&#8221;.vc_custom_1598606053781{padding-right: 10px !important;padding-left: 10px !important;}&#8221;]<div class=\"key-icon-box icon-default icon-top cont-center ib-hover-1  icon-with-shadow   icon-with-background icon-no-border kd-animated fadeInUp\" style=\"background-color: transparent;margin-bottom:30px;\" ><div class=\"ib-wrapper\" style=\"padding-top:45px;padding-bottom:60px;padding-left:60px;padding-right:60px;\"><div class=\"ib-icon-wrapper\" style=\"background-color: #e0f0fd;width:80px;height:80px;margin-bottom:20px;\"><i class=\"iconsmind-Monitor-phone iconsmind-Desktop-apps\" style=\"font-weight: 400;\"><\/i> <\/div><h3 class=\"service-heading\" >Disponibilidade de informa\u00e7\u00e3o<\/h3><p style=\"color:#455880;\">Informa\u00e7\u00e3o centralizada e integrada. Acess\u00edvel a qualquer momento, em tempo real, em qualquer lugar e em qualquer dispositivo.<\/p><\/div><\/div>[\/vc_column_inner][vc_column_inner width=&#8221;1\/3&#8243; css_tablet_portrait=&#8221;.vc_custom_1598606059854{padding-right: 10px !important;padding-left: 10px !important;}&#8221;]<div class=\"key-icon-box icon-default icon-top cont-center ib-hover-1  icon-with-shadow   icon-with-background icon-no-border kd-animated fadeInUp\" style=\"background-color: transparent;margin-bottom:30px;\" ><div class=\"ib-wrapper\" style=\"padding-top:45px;padding-bottom:60px;padding-left:60px;padding-right:60px;\"><div class=\"ib-icon-wrapper\" style=\"background-color: #e0f0fd;width:80px;height:80px;margin-bottom:20px;\"><i class=\"iconsmind-Consulting iconsmind-Seo-Icons\" style=\"font-weight: 400;\"><\/i> <\/div><h3 class=\"service-heading\" >Garantia de suporte<\/h3><p style=\"color:#455880;\">Explora cada funcionalidade. Estamos c\u00e1 para te ajudar! O suporte ao cliente \u00e9 feito diretamente por n\u00f3s, com total disponibilidade e excel\u00eancia.<\/p><\/div><\/div>[\/vc_column_inner][\/vc_row_inner][\/vc_column][\/vc_row][vc_row content_placement=&#8221;middle&#8221; kd_background_image_position=&#8221;vc_row-bg-position-top&#8221; css=&#8221;.vc_custom_1732205841345{margin-bottom: -150px !important;padding-top: 70px !important;padding-bottom: 70px !important;background-color: #f5fafc !important;background-position: center !important;background-repeat: no-repeat !important;background-size: cover !important;border-radius: 50px !important;}&#8221; el_class=&#8221;call-to-action-section&#8221; css_tablet_portrait=&#8221;.vc_custom_1732205841346{margin-bottom: -100px !important;}&#8221; css_mobile=&#8221;.vc_custom_1732205841346{margin-bottom: -100px !important;}&#8221;][vc_column css=&#8221;.vc_custom_1599033942268{padding-right: 130px !important;padding-left: 130px !important;}&#8221; css_tablet_portrait=&#8221;.vc_custom_1599033942270{padding-right: 30px !important;padding-left: 30px !important;}&#8221; css_mobile=&#8221;.vc_custom_1599033942271{padding-right: 30px !important;padding-left: 30px !important;}&#8221; css_tablet_landscape=&#8221;.vc_custom_1599033942269{padding-right: 50px !important;padding-left: 50px !important;}&#8221;][vc_row_inner kd_background_image_position=&#8221;vc_row-bg-position-top&#8221;][vc_column_inner]<div data-speed=\"3000\" class=\"kd-text-rotator kd-rotatorid-69f035f7676d0 text-center \"><h2 class=\"kd-text-rotator-container slide\" style=\" font-size: 40px;\">Experimenta Gr\u00e1tis! <span class=\"kd-rotator-wrapper\"><span class=\"rotator-single is-visible\">Come\u00e7a hoje!<\/span><span class=\"rotator-single \">Acelera o teu neg\u00f3cio!<\/span><span class=\"rotator-single \">Torna o neg\u00f3cio de Master!<\/span><\/span><\/h2><\/div><header class=\"kd-section-title col-lg-12 text-center  subtitle-below-title kd-animated fadeIn   vc_custom_1730115664909\" data-animation-delay=200><h6 class=\"subtitle\" >Explora o Masterway durante 30 dias, gr\u00e1tis.<br \/>\nTodos os m\u00f3dulos e funcionalidades, sem limites de documentos ou valores!<\/h6><\/header><a  href=\"https:\/\/cloud.masterway.net\/?action=demoregister&CodMarket=CV&Reference=\"  target=\"_blank\"  title=\"\"  class=\"tt_button tt_primary_button btn_secondary_color  button-center button-action-link   kd-animated zoomIn add-margin-right\" data-animation-delay=200><span class=\"prim_text\">Experimenta gr\u00e1tis<\/span><\/a>[\/vc_column_inner][\/vc_row_inner][\/vc_column][\/vc_row]<\/p>\n","protected":false},"excerpt":{"rendered":"<p>[vc_row full_width=&#8221;stretch_row&#8221; kd_background_image_position=&#8221;vc_row-bg-position-top&#8221; kd_bottom_separator_style=&#8221;waves&#8221; kd_bottom_separator_height=&#8221;separator-height-large&#8221; kd_bottom_separator=&#8221;true&#8221; css=&#8221;.vc_custom_1730912559875{padding-top: 160px !important;padding-bottom: 160px !important;background-color: #51a1d3 !important;background-position: center !important;background-repeat: no-repeat !important;background-size: cover !important;}&#8221; el_class=&#8221;intro-section&#8221; [&hellip;]<\/p>\n","protected":false},"author":2,"featured_media":12558,"parent":0,"menu_order":0,"comment_status":"closed","ping_status":"closed","template":"","meta":{"footnotes":""},"class_list":["post-13357","page","type-page","status-publish","has-post-thumbnail","hentry"],"yoast_head":"<!-- This site is optimized with the Yoast SEO plugin v27.3 - https:\/\/yoast.com\/product\/yoast-seo-wordpress\/ -->\n<title>O que nos diferencia - Masterway<\/title>\n<meta name=\"robots\" content=\"index, follow, max-snippet:-1, max-image-preview:large, max-video-preview:-1\" \/>\n<link rel=\"canonical\" href=\"https:\/\/masterway.net\/cv\/o-que-nos-diferencia\/\" \/>\n<meta property=\"og:locale\" content=\"en_US\" \/>\n<meta property=\"og:type\" content=\"article\" \/>\n<meta property=\"og:title\" content=\"O que nos diferencia - Masterway\" \/>\n<meta property=\"og:description\" content=\"[vc_row full_width=&#8221;stretch_row&#8221; kd_background_image_position=&#8221;vc_row-bg-position-top&#8221; kd_bottom_separator_style=&#8221;waves&#8221; kd_bottom_separator_height=&#8221;separator-height-large&#8221; kd_bottom_separator=&#8221;true&#8221; css=&#8221;.vc_custom_1730912559875{padding-top: 160px !important;padding-bottom: 160px !important;background-color: #51a1d3 !important;background-position: center !important;background-repeat: no-repeat !important;background-size: cover !important;}&#8221; el_class=&#8221;intro-section&#8221; [&hellip;]\" \/>\n<meta property=\"og:url\" content=\"https:\/\/masterway.net\/cv\/o-que-nos-diferencia\/\" \/>\n<meta property=\"og:site_name\" content=\"Masterway\" \/>\n<meta property=\"article:publisher\" content=\"https:\/\/www.facebook.com\/masterwaysoftware\" \/>\n<meta property=\"article:modified_time\" content=\"2024-11-21T16:23:15+00:00\" \/>\n<meta property=\"og:image\" content=\"https:\/\/masterway.net\/wp-content\/uploads\/2020\/11\/dots-shape.png\" \/>\n\t<meta property=\"og:image:width\" content=\"1370\" \/>\n\t<meta property=\"og:image:height\" content=\"241\" \/>\n\t<meta property=\"og:image:type\" content=\"image\/png\" \/>\n<meta name=\"twitter:card\" content=\"summary_large_image\" \/>\n<meta name=\"twitter:label1\" content=\"Est. reading time\" \/>\n\t<meta name=\"twitter:data1\" content=\"8 minutes\" \/>\n<script type=\"application\/ld+json\" class=\"yoast-schema-graph\">{\"@context\":\"https:\\\/\\\/schema.org\",\"@graph\":[{\"@type\":\"WebPage\",\"@id\":\"https:\\\/\\\/masterway.net\\\/cv\\\/o-que-nos-diferencia\\\/\",\"url\":\"https:\\\/\\\/masterway.net\\\/cv\\\/o-que-nos-diferencia\\\/\",\"name\":\"O que nos diferencia - Masterway\",\"isPartOf\":{\"@id\":\"https:\\\/\\\/masterway.net\\\/cv\\\/#website\"},\"primaryImageOfPage\":{\"@id\":\"https:\\\/\\\/masterway.net\\\/cv\\\/o-que-nos-diferencia\\\/#primaryimage\"},\"image\":{\"@id\":\"https:\\\/\\\/masterway.net\\\/cv\\\/o-que-nos-diferencia\\\/#primaryimage\"},\"thumbnailUrl\":\"https:\\\/\\\/masterway.net\\\/wp-content\\\/uploads\\\/2020\\\/11\\\/dots-shape.png\",\"datePublished\":\"2024-10-08T09:25:20+00:00\",\"dateModified\":\"2024-11-21T16:23:15+00:00\",\"breadcrumb\":{\"@id\":\"https:\\\/\\\/masterway.net\\\/cv\\\/o-que-nos-diferencia\\\/#breadcrumb\"},\"inLanguage\":\"CV\",\"potentialAction\":[{\"@type\":\"ReadAction\",\"target\":[\"https:\\\/\\\/masterway.net\\\/cv\\\/o-que-nos-diferencia\\\/\"]}]},{\"@type\":\"ImageObject\",\"inLanguage\":\"CV\",\"@id\":\"https:\\\/\\\/masterway.net\\\/cv\\\/o-que-nos-diferencia\\\/#primaryimage\",\"url\":\"https:\\\/\\\/masterway.net\\\/wp-content\\\/uploads\\\/2020\\\/11\\\/dots-shape.png\",\"contentUrl\":\"https:\\\/\\\/masterway.net\\\/wp-content\\\/uploads\\\/2020\\\/11\\\/dots-shape.png\",\"width\":1370,\"height\":241},{\"@type\":\"BreadcrumbList\",\"@id\":\"https:\\\/\\\/masterway.net\\\/cv\\\/o-que-nos-diferencia\\\/#breadcrumb\",\"itemListElement\":[{\"@type\":\"ListItem\",\"position\":1,\"name\":\"In\u00edcio\",\"item\":\"https:\\\/\\\/masterway.net\\\/cv\\\/\"},{\"@type\":\"ListItem\",\"position\":2,\"name\":\"O que nos diferencia\"}]},{\"@type\":\"WebSite\",\"@id\":\"https:\\\/\\\/masterway.net\\\/cv\\\/#website\",\"url\":\"https:\\\/\\\/masterway.net\\\/cv\\\/\",\"name\":\"Masterway\",\"description\":\"\",\"publisher\":{\"@id\":\"https:\\\/\\\/masterway.net\\\/cv\\\/#organization\"},\"potentialAction\":[{\"@type\":\"SearchAction\",\"target\":{\"@type\":\"EntryPoint\",\"urlTemplate\":\"https:\\\/\\\/masterway.net\\\/cv\\\/?s={search_term_string}\"},\"query-input\":{\"@type\":\"PropertyValueSpecification\",\"valueRequired\":true,\"valueName\":\"search_term_string\"}}],\"inLanguage\":\"CV\"},{\"@type\":\"Organization\",\"@id\":\"https:\\\/\\\/masterway.net\\\/cv\\\/#organization\",\"name\":\"Masterway\",\"url\":\"https:\\\/\\\/masterway.net\\\/cv\\\/\",\"logo\":{\"@type\":\"ImageObject\",\"inLanguage\":\"CV\",\"@id\":\"https:\\\/\\\/masterway.net\\\/cv\\\/#\\\/schema\\\/logo\\\/image\\\/\",\"url\":\"https:\\\/\\\/masterway.net\\\/wp-content\\\/uploads\\\/2024\\\/02\\\/masterway-logo-color.svg\",\"contentUrl\":\"https:\\\/\\\/masterway.net\\\/wp-content\\\/uploads\\\/2024\\\/02\\\/masterway-logo-color.svg\",\"width\":1,\"height\":1,\"caption\":\"Masterway\"},\"image\":{\"@id\":\"https:\\\/\\\/masterway.net\\\/cv\\\/#\\\/schema\\\/logo\\\/image\\\/\"},\"sameAs\":[\"https:\\\/\\\/www.facebook.com\\\/masterwaysoftware\"]}]}<\/script>\n<!-- \/ Yoast SEO plugin. -->","yoast_head_json":{"title":"O que nos diferencia - Masterway","robots":{"index":"index","follow":"follow","max-snippet":"max-snippet:-1","max-image-preview":"max-image-preview:large","max-video-preview":"max-video-preview:-1"},"canonical":"https:\/\/masterway.net\/cv\/o-que-nos-diferencia\/","og_locale":"en_US","og_type":"article","og_title":"O que nos diferencia - Masterway","og_description":"[vc_row full_width=&#8221;stretch_row&#8221; kd_background_image_position=&#8221;vc_row-bg-position-top&#8221; kd_bottom_separator_style=&#8221;waves&#8221; kd_bottom_separator_height=&#8221;separator-height-large&#8221; kd_bottom_separator=&#8221;true&#8221; css=&#8221;.vc_custom_1730912559875{padding-top: 160px !important;padding-bottom: 160px !important;background-color: #51a1d3 !important;background-position: center !important;background-repeat: no-repeat !important;background-size: cover !important;}&#8221; el_class=&#8221;intro-section&#8221; [&hellip;]","og_url":"https:\/\/masterway.net\/cv\/o-que-nos-diferencia\/","og_site_name":"Masterway","article_publisher":"https:\/\/www.facebook.com\/masterwaysoftware","article_modified_time":"2024-11-21T16:23:15+00:00","og_image":[{"width":1370,"height":241,"url":"https:\/\/masterway.net\/wp-content\/uploads\/2020\/11\/dots-shape.png","type":"image\/png"}],"twitter_card":"summary_large_image","twitter_misc":{"Est. reading time":"8 minutes"},"schema":{"@context":"https:\/\/schema.org","@graph":[{"@type":"WebPage","@id":"https:\/\/masterway.net\/cv\/o-que-nos-diferencia\/","url":"https:\/\/masterway.net\/cv\/o-que-nos-diferencia\/","name":"O que nos diferencia - Masterway","isPartOf":{"@id":"https:\/\/masterway.net\/cv\/#website"},"primaryImageOfPage":{"@id":"https:\/\/masterway.net\/cv\/o-que-nos-diferencia\/#primaryimage"},"image":{"@id":"https:\/\/masterway.net\/cv\/o-que-nos-diferencia\/#primaryimage"},"thumbnailUrl":"https:\/\/masterway.net\/wp-content\/uploads\/2020\/11\/dots-shape.png","datePublished":"2024-10-08T09:25:20+00:00","dateModified":"2024-11-21T16:23:15+00:00","breadcrumb":{"@id":"https:\/\/masterway.net\/cv\/o-que-nos-diferencia\/#breadcrumb"},"inLanguage":"CV","potentialAction":[{"@type":"ReadAction","target":["https:\/\/masterway.net\/cv\/o-que-nos-diferencia\/"]}]},{"@type":"ImageObject","inLanguage":"CV","@id":"https:\/\/masterway.net\/cv\/o-que-nos-diferencia\/#primaryimage","url":"https:\/\/masterway.net\/wp-content\/uploads\/2020\/11\/dots-shape.png","contentUrl":"https:\/\/masterway.net\/wp-content\/uploads\/2020\/11\/dots-shape.png","width":1370,"height":241},{"@type":"BreadcrumbList","@id":"https:\/\/masterway.net\/cv\/o-que-nos-diferencia\/#breadcrumb","itemListElement":[{"@type":"ListItem","position":1,"name":"In\u00edcio","item":"https:\/\/masterway.net\/cv\/"},{"@type":"ListItem","position":2,"name":"O que nos diferencia"}]},{"@type":"WebSite","@id":"https:\/\/masterway.net\/cv\/#website","url":"https:\/\/masterway.net\/cv\/","name":"Masterway","description":"","publisher":{"@id":"https:\/\/masterway.net\/cv\/#organization"},"potentialAction":[{"@type":"SearchAction","target":{"@type":"EntryPoint","urlTemplate":"https:\/\/masterway.net\/cv\/?s={search_term_string}"},"query-input":{"@type":"PropertyValueSpecification","valueRequired":true,"valueName":"search_term_string"}}],"inLanguage":"CV"},{"@type":"Organization","@id":"https:\/\/masterway.net\/cv\/#organization","name":"Masterway","url":"https:\/\/masterway.net\/cv\/","logo":{"@type":"ImageObject","inLanguage":"CV","@id":"https:\/\/masterway.net\/cv\/#\/schema\/logo\/image\/","url":"https:\/\/masterway.net\/wp-content\/uploads\/2024\/02\/masterway-logo-color.svg","contentUrl":"https:\/\/masterway.net\/wp-content\/uploads\/2024\/02\/masterway-logo-color.svg","width":1,"height":1,"caption":"Masterway"},"image":{"@id":"https:\/\/masterway.net\/cv\/#\/schema\/logo\/image\/"},"sameAs":["https:\/\/www.facebook.com\/masterwaysoftware"]}]}},"_links":{"self":[{"href":"https:\/\/masterway.net\/cv\/wp-json\/wp\/v2\/pages\/13357","targetHints":{"allow":["GET"]}}],"collection":[{"href":"https:\/\/masterway.net\/cv\/wp-json\/wp\/v2\/pages"}],"about":[{"href":"https:\/\/masterway.net\/cv\/wp-json\/wp\/v2\/types\/page"}],"author":[{"embeddable":true,"href":"https:\/\/masterway.net\/cv\/wp-json\/wp\/v2\/users\/2"}],"replies":[{"embeddable":true,"href":"https:\/\/masterway.net\/cv\/wp-json\/wp\/v2\/comments?post=13357"}],"version-history":[{"count":2,"href":"https:\/\/masterway.net\/cv\/wp-json\/wp\/v2\/pages\/13357\/revisions"}],"predecessor-version":[{"id":13604,"href":"https:\/\/masterway.net\/cv\/wp-json\/wp\/v2\/pages\/13357\/revisions\/13604"}],"wp:featuredmedia":[{"embeddable":true,"href":"https:\/\/masterway.net\/cv\/wp-json\/wp\/v2\/media\/12558"}],"wp:attachment":[{"href":"https:\/\/masterway.net\/cv\/wp-json\/wp\/v2\/media?parent=13357"}],"curies":[{"name":"wp","href":"https:\/\/api.w.org\/{rel}","templated":true}]}}