{"id":13467,"date":"2024-10-10T10:27:42","date_gmt":"2024-10-10T10:27:42","guid":{"rendered":"https:\/\/masterway.net\/condicoes-de-utilizacao\/"},"modified":"2024-11-21T15:59:25","modified_gmt":"2024-11-21T15:59:25","slug":"condicoes-de-utilizacao","status":"publish","type":"page","link":"https:\/\/masterway.net\/ao\/condicoes-de-utilizacao\/","title":{"rendered":"Condi\u00e7\u00f5es de Utiliza\u00e7\u00e3o"},"content":{"rendered":"<p>[vc_row full_width=&#8221;stretch_row&#8221; kd_background_image_position=&#8221;vc_row-bg-position-top&#8221; kd_bottom_separator_style=&#8221;waves&#8221; kd_bottom_separator_height=&#8221;separator-height-large&#8221; kd_bottom_separator=&#8221;true&#8221; css=&#8221;.vc_custom_1730912559875{padding-top: 160px !important;padding-bottom: 160px !important;background-color: #51a1d3 !important;background-position: center !important;background-repeat: no-repeat !important;background-size: cover !important;}&#8221; el_class=&#8221;intro-section&#8221; css_mobile=&#8221;.vc_custom_1730912559878{padding-top: 100px !important;padding-bottom: 150px !important;}&#8221; css_tablet_portrait=&#8221;.vc_custom_1730912559877{padding-top: 200px !important;padding-bottom: 250px !important;}&#8221;][vc_column][vc_row_inner kd_background_image_position=&#8221;vc_row-bg-position-top&#8221;][vc_column_inner]<header class=\"kd-section-title col-lg-12 text-center  subtitle-below-title kd-animated fadeIn   vc_custom_1730915543550\" data-animation-delay=200><h1 class=\"separator_off\" style=\"color: #ffffff;font-size: 52px;line-height: 68px;\">Condi\u00e7\u00f5es de Utiliza\u00e7\u00e3o<\/h1><\/header><div class=\"scroll-down-wrapper sd-align-center kd-animated fadeInUp  vc_custom_1730914581932\" data-animation-delay=200><a href=\"#first-section\" class=\"scroll-down-arrow btn-smooth-scroll\" style=\"background-color: #ffffff;\" aria-label=\"Scroll down\"><\/a><\/div>[\/vc_column_inner][\/vc_row_inner][\/vc_column][\/vc_row][vc_row kd_background_image_position=&#8221;vc_row-bg-position-top&#8221; el_id=&#8221;first-section&#8221; css=&#8221;.vc_custom_1728556140057{padding-top: 100px !important;padding-bottom: 100px !important;}&#8221;][vc_column][vc_custom_heading text=&#8221;1. Aceita\u00e7\u00e3o&#8221; font_container=&#8221;tag:h5|text_align:left|color:%23797979&#8243; use_theme_fonts=&#8221;yes&#8221;][vc_column_text]<\/p>\n<p>Ao aceder ou ao navegar no Site Internet da Masterstrategy\u00a0ou ao utilizar e\/ou descarregar qualquer conte\u00fado do referido Site, o utilizador concorda com e aceita as Condi\u00e7\u00f5es de Utiliza\u00e7\u00e3o do mesmo, nos termos descritos infra. O Utilizador, ao fornecer Dados Pessoais atrav\u00e9s do Site da\u00a0Masterstrategy, compreende e consente expressamente na recolha e processamento de tais dados para os fins descritos na Pol\u00edtica de Privacidade online da\u00a0Masterstrategy.<\/p>\n<p>[\/vc_column_text][vc_custom_heading text=&#8221;2. Objetivo do site internet&#8221; font_container=&#8221;tag:h5|text_align:left|color:%23797979&#8243; use_theme_fonts=&#8221;yes&#8221;][vc_column_text]<\/p>\n<p>Todas as informa\u00e7\u00f5es e materiais, incluindo mas n\u00e3o limitado a Software, textos, dados, gr\u00e1ficos, fotografias, desenhos, sons, v\u00eddeos, logotipos, \u00edcones ou c\u00f3digos html (adiante designado o \u201cConte\u00fado\u201d) constantes do Site Internet s\u00e3o disponibilizados unicamente para fins informativos da Masterstrategy e n\u00e3o devem ser considerados como constituindo ofertas comerciais, licen\u00e7as, aconselhamento, recomenda\u00e7\u00f5es ou como constituindo rela\u00e7\u00f5es profissionais ou fiduci\u00e1rias entre o utilizador e a Masterstrategy.<\/p>\n<p>O Conte\u00fado deste Site n\u00e3o poder\u00e1 ser considerado como substituto da investiga\u00e7\u00e3o independente que o utilizador deva fazer.<\/p>\n<p>O Conte\u00fado deste Site Internet poder\u00e1 referir produtos ou servi\u00e7os que n\u00e3o estejam dispon\u00edveis no pa\u00eds em que a consulta esteja a ser efetuada.<\/p>\n<p>[\/vc_column_text][vc_custom_heading text=&#8221;3. Links para sites de parceiros&#8221; font_container=&#8221;tag:h5|text_align:left|color:%23797979&#8243; use_theme_fonts=&#8221;yes&#8221;][vc_column_text]<\/p>\n<p>Os Links para Sites Internet de terceiros s\u00e3o disponibilizados unicamente para conveni\u00eancia do Utilizador e n\u00e3o significam qualquer aprova\u00e7\u00e3o ou subscri\u00e7\u00e3o por parte da Masterstrategy dos Sites cujo Link (Linked Sites) disponibiliza, ainda que tais sites contenham o logotipo da Masterstrategy dado que tais Sites est\u00e3o fora do controlo da Masterstrategy.<\/p>\n<p>Assim, a Masterstrategy n\u00e3o pode ser responsabilizada pelo Conte\u00fado de qualquer Linked Site ou por qualquer Link a\u00ed disponibilizado.<\/p>\n<p>O utilizador n\u00e3o est\u00e1 autorizado a criar em qualquer Site Internet um Link para qualquer p\u00e1gina do Site Internet da Masterstrategy sem a pr\u00e9via autoriza\u00e7\u00e3o escrita desta e toma desde j\u00e1 conhecimento que proceder ao Framing do Site Internet da Sociedade ou qualquer outro processo similar \u00e9 proibido.<\/p>\n<p>[\/vc_column_text][vc_custom_heading text=&#8221;4. Propriedade industrial&#8221; font_container=&#8221;tag:h5|text_align:left|color:%23797979&#8243; use_theme_fonts=&#8221;yes&#8221;][vc_column_text]<\/p>\n<p>Este Site Internet est\u00e1 protegido pelos direitos de propriedade industrial (e pelos direitos de autor) e \u00e9 propriedade exclusiva da Masterstrategy.<\/p>\n<p>O seu Conte\u00fado, incluindo textos, gr\u00e1ficos, fotografias, sons, v\u00eddeos, log\u00f3tipos, icons ou c\u00f3digo html est\u00e1 protegido pela legisla\u00e7\u00e3o da propriedade industrial e direitos de autor e \u00e9 propriedade da Masterstrategy ou de terceiros.<\/p>\n<p>O Utilizador poder\u00e1 utilizar o Conte\u00fado para fins pessoais e n\u00e3o comerciais, de acordo com os princ\u00edpios que regem a propriedade industrial e direitos de autor.<\/p>\n<p>Qualquer outro uso ou modifica\u00e7\u00e3o do Conte\u00fado do Site Internet da Sociedade sem o consentimento escrito pr\u00e9vio da Masterstrategy \u00e9 proibido.<\/p>\n<p>[\/vc_column_text][vc_custom_heading text=&#8221;5. Garantia e responsabilidade&#8221; font_container=&#8221;tag:h5|text_align:left|color:%23797979&#8243; use_theme_fonts=&#8221;yes&#8221;][vc_column_text]<\/p>\n<p>O Conte\u00fado, incluindo software para descarregamento (download), do Site Internet da Masterstrategy \u00e9 fornecido numa base \u201cAS IS\u201d e sem qualquer garantia de qualquer tipo, dentro dos limites permitidos por lei.<\/p>\n<p>N\u00e3o obstante a Masterstrategy fazer os seus melhores esfor\u00e7os para disponibilizar um Conte\u00fado correto atrav\u00e9s do seu Site Internet, a Masterstrategy n\u00e3o garante que este Site esteja livre de imprecis\u00f5es, erros e\/ou omiss\u00f5es, v\u00edrus, worms, \u201cCavalos de Tr\u00f3ia\u201d e similares, ou que o seu Conte\u00fado \u00e9 adequado aos objetivos particulares de quem o consulta ou que o mesmo esteja atualizado. A Masterstrategy reserva-se o direito de alterar o Conte\u00fado a qualquer momento sem qualquer pr\u00e9 \u2013 aviso.<\/p>\n<p>A Masterstrategy n\u00e3o garante quaisquer resultados relativamente \u00e0 utiliza\u00e7\u00e3o de qualquer parte do Conte\u00fado disponibilizado neste Site. O Utilizador \u00e9 o \u00fanico respons\u00e1vel por qualquer uso que fa\u00e7a do Conte\u00fado deste Site.<\/p>\n<p>O Conte\u00fado deste Site n\u00e3o aumenta ou modifica a garantia que possa ser conferida ao utilizador em resultado da rela\u00e7\u00e3o contratual que venha a estabelecer com a Masterstrategy.<\/p>\n<p>A Masterstrategy n\u00e3o ser\u00e1 respons\u00e1vel por quaisquer danos indiretos ou lucros cessantes, incluindo mas n\u00e3o limitado a perdas de lucros ou de rendimentos, interrup\u00e7\u00e3o da atividade, perdas de informa\u00e7\u00e3o resultante ou decorrente do uso, incapacidade de uso ou a depend\u00eancia em qualquer parte do Conte\u00fado deste site ou de qualquer Linked Site.<\/p>\n<p>Em qualquer dos casos a responsabilidade da Masterstrategy por danos diretos resultante de ou decorrente do uso, da incapacidade de uso ou da depend\u00eancia em qualquer parte do Conte\u00fado deste Site ou de qualquer Linked Site n\u00e3o exceder\u00e1 o montante m\u00e1ximo de Euros 1,000.<\/p>\n<p>[\/vc_column_text][vc_custom_heading text=&#8221;6. Pol\u00edtica de privacidade online&#8221; font_container=&#8221;tag:h5|text_align:left|color:%23797979&#8243; use_theme_fonts=&#8221;yes&#8221;][vc_column_text]<\/p>\n<p>Por favor consulte a nossa\u00a0pol\u00edtica de privacidade\u00a0do site da\u00a0Masterstrategy.<\/p>\n<p>[\/vc_column_text][vc_custom_heading text=&#8221;7. Coment\u00e1rios dos utilizadores&#8221; font_container=&#8221;tag:h5|text_align:left|color:%23797979&#8243; use_theme_fonts=&#8221;yes&#8221;][vc_column_text]<\/p>\n<p>A Masterstrategy n\u00e3o assume qualquer obriga\u00e7\u00e3o de supervisionar a informa\u00e7\u00e3o que tenha disponibilizado no seu Site Internet.<\/p>\n<p>O Utilizador garante que qualquer informa\u00e7\u00e3o, Materiais (a express\u00e3o \u201cMaterial\u201d destina-se a cobrir todos os projetos, ficheiros ou quaisquer outros anexos que nos sejam enviados) ou coment\u00e1rios que n\u00e3o sejam dados pessoais e que o utilizador transmita \u00e0 sociedade atrav\u00e9s do Site Internet, n\u00e3o viola direitos de propriedade industrial ou qualquer outra lei aplic\u00e1vel.<\/p>\n<p>Tais informa\u00e7\u00f5es, Materiais ou coment\u00e1rios ser\u00e3o tratados como n\u00e3o confidenciais e como n\u00e3o sendo propriedade do Utilizador ou de terceiros.<\/p>\n<p>Ao submeter qualquer informa\u00e7\u00e3o ou Material, o utilizador est\u00e1 a conferir uma licen\u00e7a ilimitada e irrevog\u00e1vel \u00e0 Masterstrategy para utilizar, executar, exibir, modificar e transmitir tal informa\u00e7\u00e3o, Materiais ou coment\u00e1rios, incluindo qualquer ideia subjacente, conceito ou know-how (a express\u00e3o \u201cMaterial\u201d pretende cobrir todos os projetos, ficheiros ou quaisquer outros anexos que sejam enviados \u00e0 Masterstrategy).<\/p>\n<p>A Masterstrategy reserva-se o direito de utilizar a referida informa\u00e7\u00e3o da forma que entender.<\/p>\n<p>[\/vc_column_text][vc_custom_heading text=&#8221;8. Lei aplic\u00e1vel anula\u00e7\u00e3o parcial&#8221; font_container=&#8221;tag:h5|text_align:left|color:%23797979&#8243; use_theme_fonts=&#8221;yes&#8221;][vc_column_text]<\/p>\n<p>Qualquer quest\u00e3o ou a\u00e7\u00e3o que venha a ser colocada relativamente \u00e0s presentes Condi\u00e7\u00f5es de Utiliza\u00e7\u00e3o ser\u00e1 regulada pela lei portuguesa.<\/p>\n<p>Fica desde j\u00e1 estabelecido o foro da comarca de Lisboa com expressa ren\u00fancia a qualquer outro, como competente para dirimir qualquer quest\u00e3o relativa \u00e0 interpreta\u00e7\u00e3o ou execu\u00e7\u00e3o das presentes Condi\u00e7\u00f5es de Utiliza\u00e7\u00e3o.<\/p>\n<p>Se qualquer disposi\u00e7\u00e3o das presentes Condi\u00e7\u00f5es de Utiliza\u00e7\u00e3o foi considerada, nula, inv\u00e1lida ou ilegal, as restantes disposi\u00e7\u00f5es manter\u00e3o no entanto a sua validade.<\/p>\n<p>[\/vc_column_text][vc_custom_heading text=&#8221;9. Altera\u00e7\u00f5es \u00e0s condi\u00e7\u00f5es de utiliza\u00e7\u00e3o&#8221; font_container=&#8221;tag:h5|text_align:left|color:%23797979&#8243; use_theme_fonts=&#8221;yes&#8221;][vc_column_text]<\/p>\n<p>A Masterstrategy reserva-se o direito de alterar a qualquer momento e sem qualquer pr\u00e9-aviso as presentes Condi\u00e7\u00f5es de Utiliza\u00e7\u00e3o sob as quais este Site Internet \u00e9 disponibilizado.<\/p>\n<p>O utilizador ficar\u00e1 automaticamente vinculado a tais modifica\u00e7\u00f5es quando aceda ao Site, devendo consultar periodicamente estas Condi\u00e7\u00f5es de Utiliza\u00e7\u00e3o.<\/p>\n<p>[\/vc_column_text][\/vc_column][\/vc_row][vc_row content_placement=&#8221;middle&#8221; kd_background_image_position=&#8221;vc_row-bg-position-top&#8221; css=&#8221;.vc_custom_1732203161990{margin-bottom: -150px !important;padding-top: 70px !important;padding-bottom: 70px !important;background-color: #f5fafc !important;background-position: center !important;background-repeat: no-repeat !important;background-size: cover !important;border-radius: 50px !important;}&#8221; el_class=&#8221;call-to-action-section&#8221; css_tablet_portrait=&#8221;.vc_custom_1732203161991{margin-bottom: -100px !important;}&#8221; css_mobile=&#8221;.vc_custom_1732203161991{margin-bottom: -100px !important;}&#8221;][vc_column css=&#8221;.vc_custom_1599033942268{padding-right: 130px !important;padding-left: 130px !important;}&#8221; css_tablet_portrait=&#8221;.vc_custom_1599033942270{padding-right: 30px !important;padding-left: 30px !important;}&#8221; css_mobile=&#8221;.vc_custom_1599033942271{padding-right: 30px !important;padding-left: 30px !important;}&#8221; css_tablet_landscape=&#8221;.vc_custom_1599033942269{padding-right: 50px !important;padding-left: 50px !important;}&#8221;][vc_row_inner kd_background_image_position=&#8221;vc_row-bg-position-top&#8221;][vc_column_inner]<div data-speed=\"3000\" class=\"kd-text-rotator kd-rotatorid-69f00c298a26e text-center \"><h2 class=\"kd-text-rotator-container slide\" style=\" font-size: 40px;\">Experimenta Gr\u00e1tis! <span class=\"kd-rotator-wrapper\"><span class=\"rotator-single is-visible\">Come\u00e7a hoje!<\/span><span class=\"rotator-single \">Acelera o teu neg\u00f3cio!<\/span><span class=\"rotator-single \">Torna o neg\u00f3cio de Master!<\/span><\/span><\/h2><\/div><header class=\"kd-section-title col-lg-12 text-center  subtitle-below-title kd-animated fadeIn   vc_custom_1730115664909\" data-animation-delay=200><h6 class=\"subtitle\" >Explora o Masterway durante 30 dias, gr\u00e1tis.<br \/>\nTodos os m\u00f3dulos e funcionalidades, sem limites de documentos ou valores!<\/h6><\/header><a  href=\"https:\/\/cloud.masterway.net\/?action=demoregister&CodMarket=AO&Reference=\"  target=\"_blank\"  title=\"\"  class=\"tt_button tt_primary_button btn_secondary_color  button-center button-action-link   kd-animated zoomIn add-margin-right\" data-animation-delay=200><span class=\"prim_text\">Experimenta gr\u00e1tis<\/span><\/a>[\/vc_column_inner][\/vc_row_inner][\/vc_column][\/vc_row]<\/p>\n","protected":false},"excerpt":{"rendered":"<p>[vc_row full_width=&#8221;stretch_row&#8221; kd_background_image_position=&#8221;vc_row-bg-position-top&#8221; kd_bottom_separator_style=&#8221;waves&#8221; kd_bottom_separator_height=&#8221;separator-height-large&#8221; kd_bottom_separator=&#8221;true&#8221; css=&#8221;.vc_custom_1730912559875{padding-top: 160px !important;padding-bottom: 160px !important;background-color: #51a1d3 !important;background-position: center !important;background-repeat: no-repeat !important;background-size: cover !important;}&#8221; el_class=&#8221;intro-section&#8221; [&hellip;]<\/p>\n","protected":false},"author":2,"featured_media":0,"parent":0,"menu_order":0,"comment_status":"closed","ping_status":"open","template":"","meta":{"footnotes":""},"class_list":["post-13467","page","type-page","status-publish","hentry"],"yoast_head":"<!-- This site is optimized with the Yoast SEO plugin v27.3 - https:\/\/yoast.com\/product\/yoast-seo-wordpress\/ -->\n<title>Condi\u00e7\u00f5es de Utiliza\u00e7\u00e3o - Masterway<\/title>\n<meta name=\"robots\" content=\"index, follow, max-snippet:-1, max-image-preview:large, max-video-preview:-1\" \/>\n<link rel=\"canonical\" href=\"https:\/\/masterway.net\/ao\/condicoes-de-utilizacao\/\" \/>\n<meta property=\"og:locale\" content=\"en_US\" \/>\n<meta property=\"og:type\" content=\"article\" \/>\n<meta property=\"og:title\" content=\"Condi\u00e7\u00f5es de Utiliza\u00e7\u00e3o - Masterway\" \/>\n<meta property=\"og:description\" content=\"[vc_row full_width=&#8221;stretch_row&#8221; kd_background_image_position=&#8221;vc_row-bg-position-top&#8221; kd_bottom_separator_style=&#8221;waves&#8221; kd_bottom_separator_height=&#8221;separator-height-large&#8221; kd_bottom_separator=&#8221;true&#8221; css=&#8221;.vc_custom_1730912559875{padding-top: 160px !important;padding-bottom: 160px !important;background-color: #51a1d3 !important;background-position: center !important;background-repeat: no-repeat !important;background-size: cover !important;}&#8221; el_class=&#8221;intro-section&#8221; [&hellip;]\" \/>\n<meta property=\"og:url\" content=\"https:\/\/masterway.net\/ao\/condicoes-de-utilizacao\/\" \/>\n<meta property=\"og:site_name\" content=\"Masterway\" \/>\n<meta property=\"article:publisher\" content=\"https:\/\/www.facebook.com\/masterwaysoftware\" \/>\n<meta property=\"article:modified_time\" content=\"2024-11-21T15:59:25+00:00\" \/>\n<meta name=\"twitter:card\" content=\"summary_large_image\" \/>\n<meta name=\"twitter:label1\" content=\"Est. reading time\" \/>\n\t<meta name=\"twitter:data1\" content=\"9 minutes\" \/>\n<script type=\"application\/ld+json\" class=\"yoast-schema-graph\">{\"@context\":\"https:\\\/\\\/schema.org\",\"@graph\":[{\"@type\":\"WebPage\",\"@id\":\"https:\\\/\\\/masterway.net\\\/ao\\\/condicoes-de-utilizacao\\\/\",\"url\":\"https:\\\/\\\/masterway.net\\\/ao\\\/condicoes-de-utilizacao\\\/\",\"name\":\"Condi\u00e7\u00f5es de Utiliza\u00e7\u00e3o - Masterway\",\"isPartOf\":{\"@id\":\"https:\\\/\\\/masterway.net\\\/ao\\\/#website\"},\"datePublished\":\"2024-10-10T10:27:42+00:00\",\"dateModified\":\"2024-11-21T15:59:25+00:00\",\"breadcrumb\":{\"@id\":\"https:\\\/\\\/masterway.net\\\/ao\\\/condicoes-de-utilizacao\\\/#breadcrumb\"},\"inLanguage\":\"AO\",\"potentialAction\":[{\"@type\":\"ReadAction\",\"target\":[\"https:\\\/\\\/masterway.net\\\/ao\\\/condicoes-de-utilizacao\\\/\"]}]},{\"@type\":\"BreadcrumbList\",\"@id\":\"https:\\\/\\\/masterway.net\\\/ao\\\/condicoes-de-utilizacao\\\/#breadcrumb\",\"itemListElement\":[{\"@type\":\"ListItem\",\"position\":1,\"name\":\"In\u00edcio\",\"item\":\"https:\\\/\\\/masterway.net\\\/ao\\\/\"},{\"@type\":\"ListItem\",\"position\":2,\"name\":\"Condi\u00e7\u00f5es de Utiliza\u00e7\u00e3o\"}]},{\"@type\":\"WebSite\",\"@id\":\"https:\\\/\\\/masterway.net\\\/ao\\\/#website\",\"url\":\"https:\\\/\\\/masterway.net\\\/ao\\\/\",\"name\":\"Masterway\",\"description\":\"\",\"publisher\":{\"@id\":\"https:\\\/\\\/masterway.net\\\/ao\\\/#organization\"},\"potentialAction\":[{\"@type\":\"SearchAction\",\"target\":{\"@type\":\"EntryPoint\",\"urlTemplate\":\"https:\\\/\\\/masterway.net\\\/ao\\\/?s={search_term_string}\"},\"query-input\":{\"@type\":\"PropertyValueSpecification\",\"valueRequired\":true,\"valueName\":\"search_term_string\"}}],\"inLanguage\":\"AO\"},{\"@type\":\"Organization\",\"@id\":\"https:\\\/\\\/masterway.net\\\/ao\\\/#organization\",\"name\":\"Masterway\",\"url\":\"https:\\\/\\\/masterway.net\\\/ao\\\/\",\"logo\":{\"@type\":\"ImageObject\",\"inLanguage\":\"AO\",\"@id\":\"https:\\\/\\\/masterway.net\\\/ao\\\/#\\\/schema\\\/logo\\\/image\\\/\",\"url\":\"https:\\\/\\\/masterway.net\\\/wp-content\\\/uploads\\\/2024\\\/02\\\/masterway-logo-color.svg\",\"contentUrl\":\"https:\\\/\\\/masterway.net\\\/wp-content\\\/uploads\\\/2024\\\/02\\\/masterway-logo-color.svg\",\"width\":1,\"height\":1,\"caption\":\"Masterway\"},\"image\":{\"@id\":\"https:\\\/\\\/masterway.net\\\/ao\\\/#\\\/schema\\\/logo\\\/image\\\/\"},\"sameAs\":[\"https:\\\/\\\/www.facebook.com\\\/masterwaysoftware\"]}]}<\/script>\n<!-- \/ Yoast SEO plugin. -->","yoast_head_json":{"title":"Condi\u00e7\u00f5es de Utiliza\u00e7\u00e3o - Masterway","robots":{"index":"index","follow":"follow","max-snippet":"max-snippet:-1","max-image-preview":"max-image-preview:large","max-video-preview":"max-video-preview:-1"},"canonical":"https:\/\/masterway.net\/ao\/condicoes-de-utilizacao\/","og_locale":"en_US","og_type":"article","og_title":"Condi\u00e7\u00f5es de Utiliza\u00e7\u00e3o - Masterway","og_description":"[vc_row full_width=&#8221;stretch_row&#8221; kd_background_image_position=&#8221;vc_row-bg-position-top&#8221; kd_bottom_separator_style=&#8221;waves&#8221; kd_bottom_separator_height=&#8221;separator-height-large&#8221; kd_bottom_separator=&#8221;true&#8221; css=&#8221;.vc_custom_1730912559875{padding-top: 160px !important;padding-bottom: 160px !important;background-color: #51a1d3 !important;background-position: center !important;background-repeat: no-repeat !important;background-size: cover !important;}&#8221; el_class=&#8221;intro-section&#8221; [&hellip;]","og_url":"https:\/\/masterway.net\/ao\/condicoes-de-utilizacao\/","og_site_name":"Masterway","article_publisher":"https:\/\/www.facebook.com\/masterwaysoftware","article_modified_time":"2024-11-21T15:59:25+00:00","twitter_card":"summary_large_image","twitter_misc":{"Est. reading time":"9 minutes"},"schema":{"@context":"https:\/\/schema.org","@graph":[{"@type":"WebPage","@id":"https:\/\/masterway.net\/ao\/condicoes-de-utilizacao\/","url":"https:\/\/masterway.net\/ao\/condicoes-de-utilizacao\/","name":"Condi\u00e7\u00f5es de Utiliza\u00e7\u00e3o - Masterway","isPartOf":{"@id":"https:\/\/masterway.net\/ao\/#website"},"datePublished":"2024-10-10T10:27:42+00:00","dateModified":"2024-11-21T15:59:25+00:00","breadcrumb":{"@id":"https:\/\/masterway.net\/ao\/condicoes-de-utilizacao\/#breadcrumb"},"inLanguage":"AO","potentialAction":[{"@type":"ReadAction","target":["https:\/\/masterway.net\/ao\/condicoes-de-utilizacao\/"]}]},{"@type":"BreadcrumbList","@id":"https:\/\/masterway.net\/ao\/condicoes-de-utilizacao\/#breadcrumb","itemListElement":[{"@type":"ListItem","position":1,"name":"In\u00edcio","item":"https:\/\/masterway.net\/ao\/"},{"@type":"ListItem","position":2,"name":"Condi\u00e7\u00f5es de Utiliza\u00e7\u00e3o"}]},{"@type":"WebSite","@id":"https:\/\/masterway.net\/ao\/#website","url":"https:\/\/masterway.net\/ao\/","name":"Masterway","description":"","publisher":{"@id":"https:\/\/masterway.net\/ao\/#organization"},"potentialAction":[{"@type":"SearchAction","target":{"@type":"EntryPoint","urlTemplate":"https:\/\/masterway.net\/ao\/?s={search_term_string}"},"query-input":{"@type":"PropertyValueSpecification","valueRequired":true,"valueName":"search_term_string"}}],"inLanguage":"AO"},{"@type":"Organization","@id":"https:\/\/masterway.net\/ao\/#organization","name":"Masterway","url":"https:\/\/masterway.net\/ao\/","logo":{"@type":"ImageObject","inLanguage":"AO","@id":"https:\/\/masterway.net\/ao\/#\/schema\/logo\/image\/","url":"https:\/\/masterway.net\/wp-content\/uploads\/2024\/02\/masterway-logo-color.svg","contentUrl":"https:\/\/masterway.net\/wp-content\/uploads\/2024\/02\/masterway-logo-color.svg","width":1,"height":1,"caption":"Masterway"},"image":{"@id":"https:\/\/masterway.net\/ao\/#\/schema\/logo\/image\/"},"sameAs":["https:\/\/www.facebook.com\/masterwaysoftware"]}]}},"_links":{"self":[{"href":"https:\/\/masterway.net\/ao\/wp-json\/wp\/v2\/pages\/13467","targetHints":{"allow":["GET"]}}],"collection":[{"href":"https:\/\/masterway.net\/ao\/wp-json\/wp\/v2\/pages"}],"about":[{"href":"https:\/\/masterway.net\/ao\/wp-json\/wp\/v2\/types\/page"}],"author":[{"embeddable":true,"href":"https:\/\/masterway.net\/ao\/wp-json\/wp\/v2\/users\/2"}],"replies":[{"embeddable":true,"href":"https:\/\/masterway.net\/ao\/wp-json\/wp\/v2\/comments?post=13467"}],"version-history":[{"count":4,"href":"https:\/\/masterway.net\/ao\/wp-json\/wp\/v2\/pages\/13467\/revisions"}],"predecessor-version":[{"id":13592,"href":"https:\/\/masterway.net\/ao\/wp-json\/wp\/v2\/pages\/13467\/revisions\/13592"}],"wp:attachment":[{"href":"https:\/\/masterway.net\/ao\/wp-json\/wp\/v2\/media?parent=13467"}],"curies":[{"name":"wp","href":"https:\/\/api.w.org\/{rel}","templated":true}]}}