{"id":13380,"date":"2024-10-08T15:54:24","date_gmt":"2024-10-08T15:54:24","guid":{"rendered":"https:\/\/masterway.net\/integracoes-ligacoes\/"},"modified":"2025-12-03T17:49:24","modified_gmt":"2025-12-03T17:49:24","slug":"integracoes-ligacoes","status":"publish","type":"page","link":"https:\/\/masterway.net\/ao\/integracoes-ligacoes\/","title":{"rendered":"Integra\u00e7\u00f5es &#038; Liga\u00e7\u00f5es"},"content":{"rendered":"<p>[vc_row full_width=&#8221;stretch_row&#8221; kd_background_image_position=&#8221;vc_row-bg-position-top&#8221; kd_bottom_separator_style=&#8221;waves&#8221; kd_bottom_separator_height=&#8221;separator-height-large&#8221; kd_bottom_separator=&#8221;true&#8221; css=&#8221;.vc_custom_1730912559875{padding-top: 160px !important;padding-bottom: 160px !important;background-color: #51a1d3 !important;background-position: center !important;background-repeat: no-repeat !important;background-size: cover !important;}&#8221; el_class=&#8221;intro-section&#8221; css_mobile=&#8221;.vc_custom_1730912559878{padding-top: 100px !important;padding-bottom: 150px !important;}&#8221; css_tablet_portrait=&#8221;.vc_custom_1730912559877{padding-top: 200px !important;padding-bottom: 250px !important;}&#8221;][vc_column][vc_row_inner kd_background_image_position=&#8221;vc_row-bg-position-top&#8221;][vc_column_inner]<header class=\"kd-section-title col-lg-12 text-center  subtitle-below-title kd-animated fadeIn   vc_custom_1730915379462\" data-animation-delay=200><h1 class=\"separator_off\" style=\"color: #ffffff;font-size: 52px;line-height: 68px;\">Integra\u00e7\u00f5es &amp; Liga\u00e7\u00f5es<\/h1><\/header><div class=\"scroll-down-wrapper sd-align-center kd-animated fadeInUp  vc_custom_1730914581932\" data-animation-delay=200><a href=\"#first-section\" class=\"scroll-down-arrow btn-smooth-scroll\" style=\"background-color: #ffffff;\" aria-label=\"Scroll down\"><\/a><\/div>[\/vc_column_inner][\/vc_row_inner][\/vc_column][\/vc_row][vc_row kd_background_image_position=&#8221;vc_row-bg-position-top&#8221; css=&#8221;.vc_custom_1728406700360{padding-top: 90px !important;padding-bottom: 90px !important;}&#8221; css_tablet_landscape=&#8221;.vc_custom_1728406700360{padding-top: 50px !important;}&#8221; css_tablet_portrait=&#8221;.vc_custom_1728406700361{padding-top: 50px !important;}&#8221; css_mobile=&#8221;.vc_custom_1728406700361{padding-top: 50px !important;}&#8221; el_id=&#8221;first-section&#8221;][vc_column css=&#8221;.vc_custom_1597665991208{padding-right: 0px !important;padding-left: 0px !important;}&#8221;]<header class=\"kd-section-title col-lg-8 vc_col-sm-8 text-center  subtitle-below-title kd-animated fadeIn  \" data-animation-delay=200><h2 class=\"separator_off\" style=\"font-size: 42px;\">Sabias que no Masterway \u00e9 poss\u00edvel fazer integra\u00e7\u00f5es e liga\u00e7\u00f5es com outras plataformas?<\/h2><h6 class=\"subtitle\" >A integra\u00e7\u00e3o pode ser feita via API ou pela ativa\u00e7\u00e3o de plugins. Conhece os recursos que temos dispon\u00edveis para que consigas uma maior efici\u00eancia nas tarefas rotineiras.<\/h6><\/header><div class=\"feature-sections-wrapper navigation-icons kd-fsp-6a07112bd6b2f\">\r\n            <div class=\"feature-sections-tabs  \">\r\n              <nav class=\"kd-feature-tabs\">\r\n                <ul class=\"nav nav-tabs sticky-tabs container\">\r\n                <\/ul>\r\n              <\/nav>\r\n            <\/div>\r\n            <section id=\"api\" class=\"featured-left section-hr\"><li class=\"nav-label\"><a class=\"feature-tabs-scroll\" href=\"#api\"><span class=\"nav-number\"><\/span>API<\/a><\/li><div class=\"container\">\r\n                <div class=\"side-content-wrapper kd-animated fadeInRight\" data-animation-delay=\"200\"><h2 class=\"side-content-title\" >API<\/h2><h6 class=\"side-content-subtitle\" >Esta API permite que qualquer empresa ou programador possa integrar dados com o Masterway, seja na emiss\u00e3o de faturas, na leitura de dados de clientes, lan\u00e7amentos contabil\u00edsticos, ou outros.<\/h6><div class=\"side-content-text\" ><\/p>\n<div style=\"margin-top: 20px;\">Se precisares de integrar qualquer aplica\u00e7\u00e3o com o Masterway, disponibilizamos-te as instru\u00e7\u00f5es, para agilizar o processo e maximizar a efici\u00eancia operacional.<\/div>\n<div style=\"margin-top: 20px;\"><strong>Documenta\u00e7\u00e3o T\u00e9cnica<\/strong><\/div>\n<p><\/div><div class=\"side-content-link sc-secondary-btn\"><a href=\"https:\/\/cloud.masterway.net\/?action=api_documentation\" target=\"_blank\" title=\"API EN\" class=\"tt_button tt_primary_button btn_primary_color button-action-link\">API EN<\/a><\/div><\/div><div class=\"side-featured-wrapper fss-rectangle kd-animated fadeInLeft\" data-animation-delay=\"200\">\r\n      <div class=\"featured-image\"><img loading=\"lazy\" decoding=\"async\" src=\"https:\/\/www.swaytheme.com\/wp-content\/uploads\/sites\/3\/2020\/09\/consulting6.png\" alt=\"\" width=\"561\" height=\"556\" \/><\/div>\r\n    <\/div><\/div>\r\n            <\/section><section id=\"Plugins\" class=\"featured-right section-hr\"><li class=\"nav-label\"><a class=\"feature-tabs-scroll\" href=\"#Plugins\"><span class=\"nav-number\"><\/span>Plugins<\/a><\/li><div class=\"container\">\r\n                <div class=\"side-content-wrapper kd-animated fadeInLeft\" data-animation-delay=\"200\"><h2 class=\"side-content-title\" >Plugins<\/h2><h6 class=\"side-content-subtitle\" >Com este plugin, \u00e9 poss\u00edvel integrar uma loja online WordPress com o Masterway, para gerar faturas, recibos e atualizar stocks, de forma autom\u00e1tica.<\/h6><div class=\"side-content-text\" ><\/p>\n<div style=\"margin-top: 20px;\">Torna o processo mais simples e eficiente!<\/div>\n<div style=\"margin-top: 20px;\"><a href=\"https:\/\/pt.wordpress.org\/plugins\/woo-masterway\/\" target=\"_blank\" rel=\"noopener\"><img decoding=\"async\" class=\"alignnone size-full wp-image-10819\" style=\"max-width: 200px;\" src=\"https:\/\/masterway.net\/wp-content\/uploads\/2024\/10\/woocommerce.svg\" alt=\"\" \/><\/a><\/div>\n<p><\/div><\/div><div class=\"side-featured-wrapper fss-rectangle kd-animated fadeInRight\" data-animation-delay=\"200\">\r\n      <div class=\"featured-image\"><img loading=\"lazy\" decoding=\"async\" src=\"https:\/\/www.swaytheme.com\/wp-content\/uploads\/sites\/3\/2020\/09\/consulting4.png\" alt=\"\" width=\"561\" height=\"556\" \/><\/div>\r\n    <\/div><\/div>\r\n            <\/section><section id=\"Plataformas-de-pagamento\" class=\"featured-left section-hr\"><li class=\"nav-label\"><a class=\"feature-tabs-scroll\" href=\"#Plataformas-de-pagamento\"><span class=\"nav-number\"><\/span>Plataformas de pagamento<\/a><\/li><div class=\"container\">\r\n                <div class=\"side-content-wrapper kd-animated fadeInRight\" data-animation-delay=\"200\"><h2 class=\"side-content-title\" >Plataformas de pagamento<\/h2><h6 class=\"side-content-subtitle\" >A integra\u00e7\u00e3o com estas plataformas de pagamento, possibilitam que ofere\u00e7as aos m\u00e9todos de pagamento mais c\u00f3modos.<\/h6><div class=\"side-content-text\" ><\/p>\n<div style=\"margin-top: 20px;\">Aumenta a efic\u00e1cia das cobran\u00e7as, reduz custos e diminui o trabalho administrativo<\/div>\n<div style=\"margin-top: 20px; display: flex;\"><a href=\"https:\/\/wallet.pt\/\" target=\"_blank\" rel=\"noopener\"><br \/>\n<img loading=\"lazy\" decoding=\"async\" width=\"251\" height=\"34\" class=\"alignnone size-full wp-image-10826\" style=\"width: auto; max-height: 24px; display: inline-block;\" src=\"https:\/\/masterway.net\/wp-content\/uploads\/2024\/10\/logo_meo_wallet.png\" alt=\"\" \/><br \/>\n<\/a><br \/>\n<a href=\"https:\/\/ifthenpay.com\/\" target=\"_blank\" rel=\"noopener\"><br \/>\n<img loading=\"lazy\" decoding=\"async\" width=\"154\" height=\"40\" class=\"alignnone size-full wp-image-10824\" style=\"width: auto; max-height: 30px; display: inline-block; margin-left: 20px;\" src=\"https:\/\/masterway.net\/wp-content\/uploads\/2024\/10\/ifthenpay_logo.png\" alt=\"\" srcset=\"https:\/\/masterway.net\/wp-content\/uploads\/2024\/10\/ifthenpay_logo.png 154w, https:\/\/masterway.net\/wp-content\/uploads\/2024\/10\/ifthenpay_logo-150x40.png 150w\" sizes=\"auto, (max-width: 154px) 100vw, 154px\" \/><\/a><\/div>\n<p><\/div><\/div><div class=\"side-featured-wrapper fss-rectangle kd-animated fadeInLeft\" data-animation-delay=\"200\">\r\n      <div class=\"featured-image\"><img loading=\"lazy\" decoding=\"async\" src=\"https:\/\/www.swaytheme.com\/wp-content\/uploads\/sites\/3\/2020\/09\/consulting7.png\" alt=\"\" width=\"543\" height=\"558\" \/><\/div>\r\n    <\/div><\/div>\r\n            <\/section>\r\n            <\/div><style><\/style>[\/vc_column][\/vc_row][vc_row content_placement=&#8221;middle&#8221; kd_background_image_position=&#8221;vc_row-bg-position-top&#8221; css=&#8221;.vc_custom_1732203161990{margin-bottom: -150px !important;padding-top: 70px !important;padding-bottom: 70px !important;background-color: #f5fafc !important;background-position: center !important;background-repeat: no-repeat !important;background-size: cover !important;border-radius: 50px !important;}&#8221; el_class=&#8221;call-to-action-section&#8221; css_tablet_portrait=&#8221;.vc_custom_1732203161991{margin-bottom: -100px !important;}&#8221; css_mobile=&#8221;.vc_custom_1732203161991{margin-bottom: -100px !important;}&#8221;][vc_column css=&#8221;.vc_custom_1599033942268{padding-right: 130px !important;padding-left: 130px !important;}&#8221; css_tablet_portrait=&#8221;.vc_custom_1599033942270{padding-right: 30px !important;padding-left: 30px !important;}&#8221; css_mobile=&#8221;.vc_custom_1599033942271{padding-right: 30px !important;padding-left: 30px !important;}&#8221; css_tablet_landscape=&#8221;.vc_custom_1599033942269{padding-right: 50px !important;padding-left: 50px !important;}&#8221;][vc_row_inner kd_background_image_position=&#8221;vc_row-bg-position-top&#8221;][vc_column_inner]<div data-speed=\"3000\" class=\"kd-text-rotator kd-rotatorid-6a07112d83c6e text-center \"><h2 class=\"kd-text-rotator-container slide\" style=\" font-size: 40px;\">Experimenta Gr\u00e1tis! <span class=\"kd-rotator-wrapper\"><span class=\"rotator-single is-visible\">Come\u00e7a hoje!<\/span><span class=\"rotator-single \">Acelera o teu neg\u00f3cio!<\/span><span class=\"rotator-single \">Torna o neg\u00f3cio de Master!<\/span><\/span><\/h2><\/div><header class=\"kd-section-title col-lg-12 text-center  subtitle-below-title kd-animated fadeIn   vc_custom_1730115664909\" data-animation-delay=200><h6 class=\"subtitle\" >Explora o Masterway durante 30 dias, gr\u00e1tis.<br \/>\nTodos os m\u00f3dulos e funcionalidades, sem limites de documentos ou valores!<\/h6><\/header><a  href=\"https:\/\/cloud.masterway.net\/?action=demoregister&CodMarket=AO&Reference=\"  target=\"_blank\"  title=\"\"  class=\"tt_button tt_primary_button btn_secondary_color  button-center button-action-link   kd-animated zoomIn add-margin-right\" data-animation-delay=200><span class=\"prim_text\">Experimenta gr\u00e1tis<\/span><\/a>[\/vc_column_inner][\/vc_row_inner][\/vc_column][\/vc_row]<\/p>\n","protected":false},"excerpt":{"rendered":"<p>[vc_row full_width=&#8221;stretch_row&#8221; kd_background_image_position=&#8221;vc_row-bg-position-top&#8221; kd_bottom_separator_style=&#8221;waves&#8221; kd_bottom_separator_height=&#8221;separator-height-large&#8221; kd_bottom_separator=&#8221;true&#8221; css=&#8221;.vc_custom_1730912559875{padding-top: 160px !important;padding-bottom: 160px !important;background-color: #51a1d3 !important;background-position: center !important;background-repeat: no-repeat !important;background-size: cover !important;}&#8221; el_class=&#8221;intro-section&#8221; [&hellip;]<\/p>\n","protected":false},"author":2,"featured_media":12555,"parent":0,"menu_order":0,"comment_status":"closed","ping_status":"closed","template":"","meta":{"footnotes":""},"class_list":["post-13380","page","type-page","status-publish","has-post-thumbnail","hentry"],"yoast_head":"<!-- This site is optimized with the Yoast SEO plugin v27.3 - https:\/\/yoast.com\/product\/yoast-seo-wordpress\/ -->\n<title>Integra\u00e7\u00f5es &amp; Liga\u00e7\u00f5es - Masterway<\/title>\n<meta name=\"robots\" content=\"index, follow, max-snippet:-1, max-image-preview:large, max-video-preview:-1\" \/>\n<link rel=\"canonical\" href=\"https:\/\/masterway.net\/ao\/integracoes-ligacoes\/\" \/>\n<meta property=\"og:locale\" content=\"en_US\" \/>\n<meta property=\"og:type\" content=\"article\" \/>\n<meta property=\"og:title\" content=\"Integra\u00e7\u00f5es &amp; Liga\u00e7\u00f5es - Masterway\" \/>\n<meta property=\"og:description\" content=\"[vc_row full_width=&#8221;stretch_row&#8221; kd_background_image_position=&#8221;vc_row-bg-position-top&#8221; kd_bottom_separator_style=&#8221;waves&#8221; kd_bottom_separator_height=&#8221;separator-height-large&#8221; kd_bottom_separator=&#8221;true&#8221; css=&#8221;.vc_custom_1730912559875{padding-top: 160px !important;padding-bottom: 160px !important;background-color: #51a1d3 !important;background-position: center !important;background-repeat: no-repeat !important;background-size: cover !important;}&#8221; el_class=&#8221;intro-section&#8221; [&hellip;]\" \/>\n<meta property=\"og:url\" content=\"https:\/\/masterway.net\/ao\/integracoes-ligacoes\/\" \/>\n<meta property=\"og:site_name\" content=\"Masterway\" \/>\n<meta property=\"article:publisher\" content=\"https:\/\/www.facebook.com\/masterwaysoftware\" \/>\n<meta property=\"article:modified_time\" content=\"2025-12-03T17:49:24+00:00\" \/>\n<meta property=\"og:image\" content=\"https:\/\/masterway.net\/wp-content\/uploads\/2020\/11\/dots-shape.png\" \/>\n\t<meta property=\"og:image:width\" content=\"1370\" \/>\n\t<meta property=\"og:image:height\" content=\"241\" \/>\n\t<meta property=\"og:image:type\" content=\"image\/png\" \/>\n<meta name=\"twitter:card\" content=\"summary_large_image\" \/>\n<meta name=\"twitter:label1\" content=\"Est. reading time\" \/>\n\t<meta name=\"twitter:data1\" content=\"4 minutes\" \/>\n<script type=\"application\/ld+json\" class=\"yoast-schema-graph\">{\"@context\":\"https:\\\/\\\/schema.org\",\"@graph\":[{\"@type\":\"WebPage\",\"@id\":\"https:\\\/\\\/masterway.net\\\/ao\\\/integracoes-ligacoes\\\/\",\"url\":\"https:\\\/\\\/masterway.net\\\/ao\\\/integracoes-ligacoes\\\/\",\"name\":\"Integra\u00e7\u00f5es & Liga\u00e7\u00f5es - Masterway\",\"isPartOf\":{\"@id\":\"https:\\\/\\\/masterway.net\\\/ao\\\/#website\"},\"primaryImageOfPage\":{\"@id\":\"https:\\\/\\\/masterway.net\\\/ao\\\/integracoes-ligacoes\\\/#primaryimage\"},\"image\":{\"@id\":\"https:\\\/\\\/masterway.net\\\/ao\\\/integracoes-ligacoes\\\/#primaryimage\"},\"thumbnailUrl\":\"https:\\\/\\\/masterway.net\\\/wp-content\\\/uploads\\\/2020\\\/11\\\/dots-shape.png\",\"datePublished\":\"2024-10-08T15:54:24+00:00\",\"dateModified\":\"2025-12-03T17:49:24+00:00\",\"breadcrumb\":{\"@id\":\"https:\\\/\\\/masterway.net\\\/ao\\\/integracoes-ligacoes\\\/#breadcrumb\"},\"inLanguage\":\"AO\",\"potentialAction\":[{\"@type\":\"ReadAction\",\"target\":[\"https:\\\/\\\/masterway.net\\\/ao\\\/integracoes-ligacoes\\\/\"]}]},{\"@type\":\"ImageObject\",\"inLanguage\":\"AO\",\"@id\":\"https:\\\/\\\/masterway.net\\\/ao\\\/integracoes-ligacoes\\\/#primaryimage\",\"url\":\"https:\\\/\\\/masterway.net\\\/wp-content\\\/uploads\\\/2020\\\/11\\\/dots-shape.png\",\"contentUrl\":\"https:\\\/\\\/masterway.net\\\/wp-content\\\/uploads\\\/2020\\\/11\\\/dots-shape.png\",\"width\":1370,\"height\":241},{\"@type\":\"BreadcrumbList\",\"@id\":\"https:\\\/\\\/masterway.net\\\/ao\\\/integracoes-ligacoes\\\/#breadcrumb\",\"itemListElement\":[{\"@type\":\"ListItem\",\"position\":1,\"name\":\"In\u00edcio\",\"item\":\"https:\\\/\\\/masterway.net\\\/ao\\\/\"},{\"@type\":\"ListItem\",\"position\":2,\"name\":\"Integra\u00e7\u00f5es &#038; Liga\u00e7\u00f5es\"}]},{\"@type\":\"WebSite\",\"@id\":\"https:\\\/\\\/masterway.net\\\/ao\\\/#website\",\"url\":\"https:\\\/\\\/masterway.net\\\/ao\\\/\",\"name\":\"Masterway\",\"description\":\"\",\"publisher\":{\"@id\":\"https:\\\/\\\/masterway.net\\\/ao\\\/#organization\"},\"potentialAction\":[{\"@type\":\"SearchAction\",\"target\":{\"@type\":\"EntryPoint\",\"urlTemplate\":\"https:\\\/\\\/masterway.net\\\/ao\\\/?s={search_term_string}\"},\"query-input\":{\"@type\":\"PropertyValueSpecification\",\"valueRequired\":true,\"valueName\":\"search_term_string\"}}],\"inLanguage\":\"AO\"},{\"@type\":\"Organization\",\"@id\":\"https:\\\/\\\/masterway.net\\\/ao\\\/#organization\",\"name\":\"Masterway\",\"url\":\"https:\\\/\\\/masterway.net\\\/ao\\\/\",\"logo\":{\"@type\":\"ImageObject\",\"inLanguage\":\"AO\",\"@id\":\"https:\\\/\\\/masterway.net\\\/ao\\\/#\\\/schema\\\/logo\\\/image\\\/\",\"url\":\"https:\\\/\\\/masterway.net\\\/wp-content\\\/uploads\\\/2024\\\/02\\\/masterway-logo-color.svg\",\"contentUrl\":\"https:\\\/\\\/masterway.net\\\/wp-content\\\/uploads\\\/2024\\\/02\\\/masterway-logo-color.svg\",\"width\":1,\"height\":1,\"caption\":\"Masterway\"},\"image\":{\"@id\":\"https:\\\/\\\/masterway.net\\\/ao\\\/#\\\/schema\\\/logo\\\/image\\\/\"},\"sameAs\":[\"https:\\\/\\\/www.facebook.com\\\/masterwaysoftware\"]}]}<\/script>\n<!-- \/ Yoast SEO plugin. -->","yoast_head_json":{"title":"Integra\u00e7\u00f5es & Liga\u00e7\u00f5es - Masterway","robots":{"index":"index","follow":"follow","max-snippet":"max-snippet:-1","max-image-preview":"max-image-preview:large","max-video-preview":"max-video-preview:-1"},"canonical":"https:\/\/masterway.net\/ao\/integracoes-ligacoes\/","og_locale":"en_US","og_type":"article","og_title":"Integra\u00e7\u00f5es & Liga\u00e7\u00f5es - Masterway","og_description":"[vc_row full_width=&#8221;stretch_row&#8221; kd_background_image_position=&#8221;vc_row-bg-position-top&#8221; kd_bottom_separator_style=&#8221;waves&#8221; kd_bottom_separator_height=&#8221;separator-height-large&#8221; kd_bottom_separator=&#8221;true&#8221; css=&#8221;.vc_custom_1730912559875{padding-top: 160px !important;padding-bottom: 160px !important;background-color: #51a1d3 !important;background-position: center !important;background-repeat: no-repeat !important;background-size: cover !important;}&#8221; el_class=&#8221;intro-section&#8221; [&hellip;]","og_url":"https:\/\/masterway.net\/ao\/integracoes-ligacoes\/","og_site_name":"Masterway","article_publisher":"https:\/\/www.facebook.com\/masterwaysoftware","article_modified_time":"2025-12-03T17:49:24+00:00","og_image":[{"width":1370,"height":241,"url":"https:\/\/masterway.net\/wp-content\/uploads\/2020\/11\/dots-shape.png","type":"image\/png"}],"twitter_card":"summary_large_image","twitter_misc":{"Est. reading time":"4 minutes"},"schema":{"@context":"https:\/\/schema.org","@graph":[{"@type":"WebPage","@id":"https:\/\/masterway.net\/ao\/integracoes-ligacoes\/","url":"https:\/\/masterway.net\/ao\/integracoes-ligacoes\/","name":"Integra\u00e7\u00f5es & Liga\u00e7\u00f5es - Masterway","isPartOf":{"@id":"https:\/\/masterway.net\/ao\/#website"},"primaryImageOfPage":{"@id":"https:\/\/masterway.net\/ao\/integracoes-ligacoes\/#primaryimage"},"image":{"@id":"https:\/\/masterway.net\/ao\/integracoes-ligacoes\/#primaryimage"},"thumbnailUrl":"https:\/\/masterway.net\/wp-content\/uploads\/2020\/11\/dots-shape.png","datePublished":"2024-10-08T15:54:24+00:00","dateModified":"2025-12-03T17:49:24+00:00","breadcrumb":{"@id":"https:\/\/masterway.net\/ao\/integracoes-ligacoes\/#breadcrumb"},"inLanguage":"AO","potentialAction":[{"@type":"ReadAction","target":["https:\/\/masterway.net\/ao\/integracoes-ligacoes\/"]}]},{"@type":"ImageObject","inLanguage":"AO","@id":"https:\/\/masterway.net\/ao\/integracoes-ligacoes\/#primaryimage","url":"https:\/\/masterway.net\/wp-content\/uploads\/2020\/11\/dots-shape.png","contentUrl":"https:\/\/masterway.net\/wp-content\/uploads\/2020\/11\/dots-shape.png","width":1370,"height":241},{"@type":"BreadcrumbList","@id":"https:\/\/masterway.net\/ao\/integracoes-ligacoes\/#breadcrumb","itemListElement":[{"@type":"ListItem","position":1,"name":"In\u00edcio","item":"https:\/\/masterway.net\/ao\/"},{"@type":"ListItem","position":2,"name":"Integra\u00e7\u00f5es &#038; Liga\u00e7\u00f5es"}]},{"@type":"WebSite","@id":"https:\/\/masterway.net\/ao\/#website","url":"https:\/\/masterway.net\/ao\/","name":"Masterway","description":"","publisher":{"@id":"https:\/\/masterway.net\/ao\/#organization"},"potentialAction":[{"@type":"SearchAction","target":{"@type":"EntryPoint","urlTemplate":"https:\/\/masterway.net\/ao\/?s={search_term_string}"},"query-input":{"@type":"PropertyValueSpecification","valueRequired":true,"valueName":"search_term_string"}}],"inLanguage":"AO"},{"@type":"Organization","@id":"https:\/\/masterway.net\/ao\/#organization","name":"Masterway","url":"https:\/\/masterway.net\/ao\/","logo":{"@type":"ImageObject","inLanguage":"AO","@id":"https:\/\/masterway.net\/ao\/#\/schema\/logo\/image\/","url":"https:\/\/masterway.net\/wp-content\/uploads\/2024\/02\/masterway-logo-color.svg","contentUrl":"https:\/\/masterway.net\/wp-content\/uploads\/2024\/02\/masterway-logo-color.svg","width":1,"height":1,"caption":"Masterway"},"image":{"@id":"https:\/\/masterway.net\/ao\/#\/schema\/logo\/image\/"},"sameAs":["https:\/\/www.facebook.com\/masterwaysoftware"]}]}},"_links":{"self":[{"href":"https:\/\/masterway.net\/ao\/wp-json\/wp\/v2\/pages\/13380","targetHints":{"allow":["GET"]}}],"collection":[{"href":"https:\/\/masterway.net\/ao\/wp-json\/wp\/v2\/pages"}],"about":[{"href":"https:\/\/masterway.net\/ao\/wp-json\/wp\/v2\/types\/page"}],"author":[{"embeddable":true,"href":"https:\/\/masterway.net\/ao\/wp-json\/wp\/v2\/users\/2"}],"replies":[{"embeddable":true,"href":"https:\/\/masterway.net\/ao\/wp-json\/wp\/v2\/comments?post=13380"}],"version-history":[{"count":8,"href":"https:\/\/masterway.net\/ao\/wp-json\/wp\/v2\/pages\/13380\/revisions"}],"predecessor-version":[{"id":15449,"href":"https:\/\/masterway.net\/ao\/wp-json\/wp\/v2\/pages\/13380\/revisions\/15449"}],"wp:featuredmedia":[{"embeddable":true,"href":"https:\/\/masterway.net\/ao\/wp-json\/wp\/v2\/media\/12555"}],"wp:attachment":[{"href":"https:\/\/masterway.net\/ao\/wp-json\/wp\/v2\/media?parent=13380"}],"curies":[{"name":"wp","href":"https:\/\/api.w.org\/{rel}","templated":true}]}}