{"id":13362,"date":"2024-10-08T09:42:19","date_gmt":"2024-10-08T09:42:19","guid":{"rendered":"https:\/\/masterway.net\/como-estamos-presentes\/"},"modified":"2024-11-21T15:34:36","modified_gmt":"2024-11-21T15:34:36","slug":"como-estamos-presentes","status":"publish","type":"page","link":"https:\/\/masterway.net\/ao\/como-estamos-presentes\/","title":{"rendered":"Como estamos presentes"},"content":{"rendered":"<p>[vc_row full_width=&#8221;stretch_row&#8221; kd_background_image_position=&#8221;vc_row-bg-position-top&#8221; kd_bottom_separator_style=&#8221;waves&#8221; kd_bottom_separator_height=&#8221;separator-height-large&#8221; kd_bottom_separator=&#8221;true&#8221; css=&#8221;.vc_custom_1730912559875{padding-top: 160px !important;padding-bottom: 160px !important;background-color: #51a1d3 !important;background-position: center !important;background-repeat: no-repeat !important;background-size: cover !important;}&#8221; el_class=&#8221;intro-section&#8221; css_mobile=&#8221;.vc_custom_1730912559878{padding-top: 100px !important;padding-bottom: 150px !important;}&#8221; css_tablet_portrait=&#8221;.vc_custom_1730912559877{padding-top: 200px !important;padding-bottom: 250px !important;}&#8221;][vc_column][vc_row_inner kd_background_image_position=&#8221;vc_row-bg-position-top&#8221;][vc_column_inner]<header class=\"kd-section-title col-lg-12 text-center  subtitle-below-title kd-animated fadeIn   vc_custom_1731605338609\" data-animation-delay=200><h1 class=\"separator_off\" style=\"color: #ffffff;font-size: 52px;line-height: 68px;\">Como estamos presentes<\/h1><\/header><div class=\"scroll-down-wrapper sd-align-center kd-animated fadeInUp  vc_custom_1730914581932\" data-animation-delay=200><a href=\"#first-section\" class=\"scroll-down-arrow btn-smooth-scroll\" style=\"background-color: #ffffff;\" aria-label=\"Scroll down\"><\/a><\/div>[\/vc_column_inner][\/vc_row_inner][\/vc_column][\/vc_row][vc_row kd_background_image_position=&#8221;vc_row-bg-position-top&#8221; css=&#8221;.vc_custom_1728403414507{padding-top: 100px !important;padding-bottom: 100px !important;}&#8221; el_id=&#8221;first-section&#8221;][vc_column css=&#8221;.vc_custom_1597665991208{padding-right: 0px !important;padding-left: 0px !important;}&#8221;][vc_row_inner kd_background_image_position=&#8221;vc_row-bg-position-top&#8221;][vc_column_inner width=&#8221;1\/2&#8243; css=&#8221;.vc_custom_1598629229527{padding-top: 150px !important;padding-right: 100px !important;}&#8221; css_tablet_portrait=&#8221;.vc_custom_1598629229528{margin-bottom: 50px !important;padding-top: 0px !important;padding-right: 50px !important;}&#8221; css_mobile=&#8221;.vc_custom_1598629229528{margin-bottom: 50px !important;padding-top: 0px !important;padding-right: 15px !important;}&#8221; offset=&#8221;vc_col-lg-6 vc_col-md-12&#8243; css_tablet_landscape=&#8221;.vc_custom_1598629229527{padding-top: 0px !important;}&#8221;]<header class=\"kd-section-title col-lg-12 text-left  subtitle-below-title kd-animated fadeIn   vc_custom_1730137368318\" data-animation-delay=200><h2 class=\"separator_off\" style=\"margin-bottom:30px;\">Temos uma equipa qualificada para te ajudar em todas as d\u00favidas e dificuldades!<\/h2><h6 class=\"subtitle\" >O suporte t\u00e9cnico do Masterway garante um apoio eficaz e atempado \u00e0s mais diversas quest\u00f5es de utiliza\u00e7\u00e3o que possas ter.<\/p>\n<p>Nunca ficas sem resposta! Para cada m\u00f3dulo e plano contratado, tens dispon\u00edvel, um n\u00famero determinado de assist\u00eancias\/m\u00eas, por telefone e\/ou email. Se precisares, podes contratar, assist\u00eancias adicionais.<\/p>\n<p>Produzimos, garantimos o suporte e prestamos forma\u00e7\u00e3o ao Masterway de forma direta, permanente e com total disponibilidade.<\/h6><\/header>[vc_empty_space height=&#8221;50px&#8221;][\/vc_column_inner][vc_column_inner width=&#8221;1\/4&#8243; css=&#8221;.vc_custom_1598614434431{padding-top: 100px !important;}&#8221; offset=&#8221;vc_col-lg-3 vc_col-md-6&#8243; css_tablet_portrait=&#8221;.vc_custom_1598614434432{padding-top: 0px !important;}&#8221; css_mobile=&#8221;.vc_custom_1598614434432{padding-top: 0px !important;}&#8221;]<div class=\"kd-shapes shape_dots with-parallax kd-animated zoomIn\" style=\"top: 20px;left: -60px;width: 172px;height: 156px;\" data-parallax-speed=\"0.1\" data-animation-delay=400><\/div><div class=\"key-icon-box icon-default icon-top cont-left ib-hover-1 with-shadow    icon-with-background icon-no-border kd-animated fadeInDown\" style=\"background-color: transparent;margin-bottom:30px;\" data-animation-delay=200><div class=\"ib-wrapper\" style=\"padding-top:40px;padding-bottom:40px;padding-left:35px;padding-right:35px;\"><div class=\"ib-icon-wrapper\" style=\"background-color: #e0f0fd;width:70px;height:70px;margin-bottom:15px;\"><i class=\"iconsmind-Speach-Bubbles iconsmind-Speech-Bubbles\" style=\"font-weight: 400;\"><\/i> <\/div><h4 class=\"service-heading\" >Chat<\/h4><p >Dentro da aplica\u00e7\u00e3o, s\u00edncrono<\/p><\/div><\/div><div class=\"key-icon-box icon-default icon-top cont-left ib-hover-1 with-shadow    icon-with-background icon-no-border kd-animated fadeInUp\" style=\"background-color: transparent;\" data-animation-delay=200><div class=\"ib-wrapper\" style=\"padding-top:40px;padding-bottom:40px;padding-left:35px;padding-right:35px;\"><div class=\"ib-icon-wrapper\" style=\"background-color: #e0f0fd;width:70px;height:70px;margin-bottom:15px;\"><i class=\"iconsmind-Phone-2 iconsmind-Desktop-apps\" style=\"font-weight: 400;\"><\/i> <\/div><h4 class=\"service-heading\" >Telefone<\/h4><p style=\"color:#696969;\"><a style=\"color: #696969;\" href=\"tel:(+244)943088602\">(+244) 943 088 602<\/a><br \/>\n<a style=\"color: #696969;\" href=\"tel:(+244)937041875\">(+244) 937 041 875<\/a><\/p><\/div><\/div>[\/vc_column_inner][vc_column_inner width=&#8221;1\/4&#8243; offset=&#8221;vc_col-lg-3 vc_col-md-6&#8243;]<div class=\"key-icon-box icon-default icon-top cont-left ib-hover-1 with-shadow    icon-with-background icon-no-border kd-animated fadeInDown\" style=\"background-color: transparent;margin-bottom:30px;\" data-animation-delay=400><div class=\"ib-wrapper\" style=\"padding-top:40px;padding-bottom:40px;padding-left:35px;padding-right:35px;\"><div class=\"ib-icon-wrapper\" style=\"background-color: #e0f0fd;width:70px;height:70px;margin-bottom:15px;\"><i class=\"iconsmind-Open-Book iconsmind-Education\" style=\"font-weight: 400;\"><\/i> <\/div><h4 class=\"service-heading\" >Guia r\u00e1pido<\/h4><p >Dentro da aplica\u00e7\u00e3o<\/p><\/div><\/div><div class=\"key-icon-box icon-default icon-top cont-left ib-hover-1 with-shadow    icon-with-background icon-no-border kd-animated fadeInUp\" style=\"background-color: transparent;\" data-animation-delay=400><div class=\"ib-wrapper\" style=\"padding-top:40px;padding-bottom:40px;padding-left:35px;padding-right:35px;\"><div class=\"ib-icon-wrapper\" style=\"background-color: #e0f0fd;width:70px;height:70px;margin-bottom:15px;\"><i class=\"iconsmind-Mail iconsmind-Emails\" style=\"font-weight: 400;\"><\/i> <\/div><h4 class=\"service-heading\" >Email<\/h4><p ><a style=\"color: #696969;\" href=\"mailto:helpdesk@masterway.co.ao\">helpdesk@masterway.co.ao<\/a><\/p><\/div><\/div><div class=\"kd-shapes shape_dots with-parallax kd-animated zoomIn\" style=\"right: -60px;bottom: 20px;width: 172px;height: 156px;\" data-parallax-speed=\"0.1\" data-animation-delay=400><\/div>[\/vc_column_inner][\/vc_row_inner][\/vc_column][\/vc_row][vc_row content_placement=&#8221;middle&#8221; kd_background_image_position=&#8221;vc_row-bg-position-top&#8221; css=&#8221;.vc_custom_1732203161990{margin-bottom: -150px !important;padding-top: 70px !important;padding-bottom: 70px !important;background-color: #f5fafc !important;background-position: center !important;background-repeat: no-repeat !important;background-size: cover !important;border-radius: 50px !important;}&#8221; el_class=&#8221;call-to-action-section&#8221; css_tablet_portrait=&#8221;.vc_custom_1732203161991{margin-bottom: -100px !important;}&#8221; css_mobile=&#8221;.vc_custom_1732203161991{margin-bottom: -100px !important;}&#8221;][vc_column css=&#8221;.vc_custom_1599033942268{padding-right: 130px !important;padding-left: 130px !important;}&#8221; css_tablet_portrait=&#8221;.vc_custom_1599033942270{padding-right: 30px !important;padding-left: 30px !important;}&#8221; css_mobile=&#8221;.vc_custom_1599033942271{padding-right: 30px !important;padding-left: 30px !important;}&#8221; css_tablet_landscape=&#8221;.vc_custom_1599033942269{padding-right: 50px !important;padding-left: 50px !important;}&#8221;][vc_row_inner kd_background_image_position=&#8221;vc_row-bg-position-top&#8221;][vc_column_inner]<div data-speed=\"3000\" class=\"kd-text-rotator kd-rotatorid-69e105d9c0f00 text-center \"><h2 class=\"kd-text-rotator-container slide\" style=\" font-size: 40px;\">Experimenta Gr\u00e1tis! <span class=\"kd-rotator-wrapper\"><span class=\"rotator-single is-visible\">Come\u00e7a hoje!<\/span><span class=\"rotator-single \">Acelera o teu neg\u00f3cio!<\/span><span class=\"rotator-single \">Torna o neg\u00f3cio de Master!<\/span><\/span><\/h2><\/div><header class=\"kd-section-title col-lg-12 text-center  subtitle-below-title kd-animated fadeIn   vc_custom_1730115664909\" data-animation-delay=200><h6 class=\"subtitle\" >Explora o Masterway durante 30 dias, gr\u00e1tis.<br \/>\nTodos os m\u00f3dulos e funcionalidades, sem limites de documentos ou valores!<\/h6><\/header><a  href=\"https:\/\/cloud.masterway.net\/?action=demoregister&CodMarket=AO&Reference=\"  target=\"_blank\"  title=\"\"  class=\"tt_button tt_primary_button btn_secondary_color  button-center button-action-link   kd-animated zoomIn add-margin-right\" data-animation-delay=200><span class=\"prim_text\">Experimenta gr\u00e1tis<\/span><\/a>[\/vc_column_inner][\/vc_row_inner][\/vc_column][\/vc_row]<\/p>\n","protected":false},"excerpt":{"rendered":"<p>[vc_row full_width=&#8221;stretch_row&#8221; kd_background_image_position=&#8221;vc_row-bg-position-top&#8221; kd_bottom_separator_style=&#8221;waves&#8221; kd_bottom_separator_height=&#8221;separator-height-large&#8221; kd_bottom_separator=&#8221;true&#8221; css=&#8221;.vc_custom_1730912559875{padding-top: 160px !important;padding-bottom: 160px !important;background-color: #51a1d3 !important;background-position: center !important;background-repeat: no-repeat !important;background-size: cover !important;}&#8221; el_class=&#8221;intro-section&#8221; [&hellip;]<\/p>\n","protected":false},"author":2,"featured_media":12555,"parent":0,"menu_order":0,"comment_status":"closed","ping_status":"closed","template":"","meta":{"footnotes":""},"class_list":["post-13362","page","type-page","status-publish","has-post-thumbnail","hentry"],"yoast_head":"<!-- This site is optimized with the Yoast SEO plugin v27.3 - https:\/\/yoast.com\/product\/yoast-seo-wordpress\/ -->\n<title>Como estamos presentes - Masterway<\/title>\n<meta name=\"robots\" content=\"index, follow, max-snippet:-1, max-image-preview:large, max-video-preview:-1\" \/>\n<link rel=\"canonical\" href=\"https:\/\/masterway.net\/ao\/como-estamos-presentes\/\" \/>\n<meta property=\"og:locale\" content=\"en_US\" \/>\n<meta property=\"og:type\" content=\"article\" \/>\n<meta property=\"og:title\" content=\"Como estamos presentes - Masterway\" \/>\n<meta property=\"og:description\" content=\"[vc_row full_width=&#8221;stretch_row&#8221; kd_background_image_position=&#8221;vc_row-bg-position-top&#8221; kd_bottom_separator_style=&#8221;waves&#8221; kd_bottom_separator_height=&#8221;separator-height-large&#8221; kd_bottom_separator=&#8221;true&#8221; css=&#8221;.vc_custom_1730912559875{padding-top: 160px !important;padding-bottom: 160px !important;background-color: #51a1d3 !important;background-position: center !important;background-repeat: no-repeat !important;background-size: cover !important;}&#8221; el_class=&#8221;intro-section&#8221; [&hellip;]\" \/>\n<meta property=\"og:url\" content=\"https:\/\/masterway.net\/ao\/como-estamos-presentes\/\" \/>\n<meta property=\"og:site_name\" content=\"Masterway\" \/>\n<meta property=\"article:publisher\" content=\"https:\/\/www.facebook.com\/masterwaysoftware\" \/>\n<meta property=\"article:modified_time\" content=\"2024-11-21T15:34:36+00:00\" \/>\n<meta property=\"og:image\" content=\"https:\/\/masterway.net\/wp-content\/uploads\/2020\/11\/dots-shape.png\" \/>\n\t<meta property=\"og:image:width\" content=\"1370\" \/>\n\t<meta property=\"og:image:height\" content=\"241\" \/>\n\t<meta property=\"og:image:type\" content=\"image\/png\" \/>\n<meta name=\"twitter:card\" content=\"summary_large_image\" \/>\n<meta name=\"twitter:label1\" content=\"Est. reading time\" \/>\n\t<meta name=\"twitter:data1\" content=\"7 minutes\" \/>\n<script type=\"application\/ld+json\" class=\"yoast-schema-graph\">{\"@context\":\"https:\\\/\\\/schema.org\",\"@graph\":[{\"@type\":\"WebPage\",\"@id\":\"https:\\\/\\\/masterway.net\\\/ao\\\/como-estamos-presentes\\\/\",\"url\":\"https:\\\/\\\/masterway.net\\\/ao\\\/como-estamos-presentes\\\/\",\"name\":\"Como estamos presentes - Masterway\",\"isPartOf\":{\"@id\":\"https:\\\/\\\/masterway.net\\\/ao\\\/#website\"},\"primaryImageOfPage\":{\"@id\":\"https:\\\/\\\/masterway.net\\\/ao\\\/como-estamos-presentes\\\/#primaryimage\"},\"image\":{\"@id\":\"https:\\\/\\\/masterway.net\\\/ao\\\/como-estamos-presentes\\\/#primaryimage\"},\"thumbnailUrl\":\"https:\\\/\\\/masterway.net\\\/wp-content\\\/uploads\\\/2020\\\/11\\\/dots-shape.png\",\"datePublished\":\"2024-10-08T09:42:19+00:00\",\"dateModified\":\"2024-11-21T15:34:36+00:00\",\"breadcrumb\":{\"@id\":\"https:\\\/\\\/masterway.net\\\/ao\\\/como-estamos-presentes\\\/#breadcrumb\"},\"inLanguage\":\"AO\",\"potentialAction\":[{\"@type\":\"ReadAction\",\"target\":[\"https:\\\/\\\/masterway.net\\\/ao\\\/como-estamos-presentes\\\/\"]}]},{\"@type\":\"ImageObject\",\"inLanguage\":\"AO\",\"@id\":\"https:\\\/\\\/masterway.net\\\/ao\\\/como-estamos-presentes\\\/#primaryimage\",\"url\":\"https:\\\/\\\/masterway.net\\\/wp-content\\\/uploads\\\/2020\\\/11\\\/dots-shape.png\",\"contentUrl\":\"https:\\\/\\\/masterway.net\\\/wp-content\\\/uploads\\\/2020\\\/11\\\/dots-shape.png\",\"width\":1370,\"height\":241},{\"@type\":\"BreadcrumbList\",\"@id\":\"https:\\\/\\\/masterway.net\\\/ao\\\/como-estamos-presentes\\\/#breadcrumb\",\"itemListElement\":[{\"@type\":\"ListItem\",\"position\":1,\"name\":\"In\u00edcio\",\"item\":\"https:\\\/\\\/masterway.net\\\/ao\\\/\"},{\"@type\":\"ListItem\",\"position\":2,\"name\":\"Como estamos presentes\"}]},{\"@type\":\"WebSite\",\"@id\":\"https:\\\/\\\/masterway.net\\\/ao\\\/#website\",\"url\":\"https:\\\/\\\/masterway.net\\\/ao\\\/\",\"name\":\"Masterway\",\"description\":\"\",\"publisher\":{\"@id\":\"https:\\\/\\\/masterway.net\\\/ao\\\/#organization\"},\"potentialAction\":[{\"@type\":\"SearchAction\",\"target\":{\"@type\":\"EntryPoint\",\"urlTemplate\":\"https:\\\/\\\/masterway.net\\\/ao\\\/?s={search_term_string}\"},\"query-input\":{\"@type\":\"PropertyValueSpecification\",\"valueRequired\":true,\"valueName\":\"search_term_string\"}}],\"inLanguage\":\"AO\"},{\"@type\":\"Organization\",\"@id\":\"https:\\\/\\\/masterway.net\\\/ao\\\/#organization\",\"name\":\"Masterway\",\"url\":\"https:\\\/\\\/masterway.net\\\/ao\\\/\",\"logo\":{\"@type\":\"ImageObject\",\"inLanguage\":\"AO\",\"@id\":\"https:\\\/\\\/masterway.net\\\/ao\\\/#\\\/schema\\\/logo\\\/image\\\/\",\"url\":\"https:\\\/\\\/masterway.net\\\/wp-content\\\/uploads\\\/2024\\\/02\\\/masterway-logo-color.svg\",\"contentUrl\":\"https:\\\/\\\/masterway.net\\\/wp-content\\\/uploads\\\/2024\\\/02\\\/masterway-logo-color.svg\",\"width\":1,\"height\":1,\"caption\":\"Masterway\"},\"image\":{\"@id\":\"https:\\\/\\\/masterway.net\\\/ao\\\/#\\\/schema\\\/logo\\\/image\\\/\"},\"sameAs\":[\"https:\\\/\\\/www.facebook.com\\\/masterwaysoftware\"]}]}<\/script>\n<!-- \/ Yoast SEO plugin. -->","yoast_head_json":{"title":"Como estamos presentes - Masterway","robots":{"index":"index","follow":"follow","max-snippet":"max-snippet:-1","max-image-preview":"max-image-preview:large","max-video-preview":"max-video-preview:-1"},"canonical":"https:\/\/masterway.net\/ao\/como-estamos-presentes\/","og_locale":"en_US","og_type":"article","og_title":"Como estamos presentes - Masterway","og_description":"[vc_row full_width=&#8221;stretch_row&#8221; kd_background_image_position=&#8221;vc_row-bg-position-top&#8221; kd_bottom_separator_style=&#8221;waves&#8221; kd_bottom_separator_height=&#8221;separator-height-large&#8221; kd_bottom_separator=&#8221;true&#8221; css=&#8221;.vc_custom_1730912559875{padding-top: 160px !important;padding-bottom: 160px !important;background-color: #51a1d3 !important;background-position: center !important;background-repeat: no-repeat !important;background-size: cover !important;}&#8221; el_class=&#8221;intro-section&#8221; [&hellip;]","og_url":"https:\/\/masterway.net\/ao\/como-estamos-presentes\/","og_site_name":"Masterway","article_publisher":"https:\/\/www.facebook.com\/masterwaysoftware","article_modified_time":"2024-11-21T15:34:36+00:00","og_image":[{"width":1370,"height":241,"url":"https:\/\/masterway.net\/wp-content\/uploads\/2020\/11\/dots-shape.png","type":"image\/png"}],"twitter_card":"summary_large_image","twitter_misc":{"Est. reading time":"7 minutes"},"schema":{"@context":"https:\/\/schema.org","@graph":[{"@type":"WebPage","@id":"https:\/\/masterway.net\/ao\/como-estamos-presentes\/","url":"https:\/\/masterway.net\/ao\/como-estamos-presentes\/","name":"Como estamos presentes - Masterway","isPartOf":{"@id":"https:\/\/masterway.net\/ao\/#website"},"primaryImageOfPage":{"@id":"https:\/\/masterway.net\/ao\/como-estamos-presentes\/#primaryimage"},"image":{"@id":"https:\/\/masterway.net\/ao\/como-estamos-presentes\/#primaryimage"},"thumbnailUrl":"https:\/\/masterway.net\/wp-content\/uploads\/2020\/11\/dots-shape.png","datePublished":"2024-10-08T09:42:19+00:00","dateModified":"2024-11-21T15:34:36+00:00","breadcrumb":{"@id":"https:\/\/masterway.net\/ao\/como-estamos-presentes\/#breadcrumb"},"inLanguage":"AO","potentialAction":[{"@type":"ReadAction","target":["https:\/\/masterway.net\/ao\/como-estamos-presentes\/"]}]},{"@type":"ImageObject","inLanguage":"AO","@id":"https:\/\/masterway.net\/ao\/como-estamos-presentes\/#primaryimage","url":"https:\/\/masterway.net\/wp-content\/uploads\/2020\/11\/dots-shape.png","contentUrl":"https:\/\/masterway.net\/wp-content\/uploads\/2020\/11\/dots-shape.png","width":1370,"height":241},{"@type":"BreadcrumbList","@id":"https:\/\/masterway.net\/ao\/como-estamos-presentes\/#breadcrumb","itemListElement":[{"@type":"ListItem","position":1,"name":"In\u00edcio","item":"https:\/\/masterway.net\/ao\/"},{"@type":"ListItem","position":2,"name":"Como estamos presentes"}]},{"@type":"WebSite","@id":"https:\/\/masterway.net\/ao\/#website","url":"https:\/\/masterway.net\/ao\/","name":"Masterway","description":"","publisher":{"@id":"https:\/\/masterway.net\/ao\/#organization"},"potentialAction":[{"@type":"SearchAction","target":{"@type":"EntryPoint","urlTemplate":"https:\/\/masterway.net\/ao\/?s={search_term_string}"},"query-input":{"@type":"PropertyValueSpecification","valueRequired":true,"valueName":"search_term_string"}}],"inLanguage":"AO"},{"@type":"Organization","@id":"https:\/\/masterway.net\/ao\/#organization","name":"Masterway","url":"https:\/\/masterway.net\/ao\/","logo":{"@type":"ImageObject","inLanguage":"AO","@id":"https:\/\/masterway.net\/ao\/#\/schema\/logo\/image\/","url":"https:\/\/masterway.net\/wp-content\/uploads\/2024\/02\/masterway-logo-color.svg","contentUrl":"https:\/\/masterway.net\/wp-content\/uploads\/2024\/02\/masterway-logo-color.svg","width":1,"height":1,"caption":"Masterway"},"image":{"@id":"https:\/\/masterway.net\/ao\/#\/schema\/logo\/image\/"},"sameAs":["https:\/\/www.facebook.com\/masterwaysoftware"]}]}},"_links":{"self":[{"href":"https:\/\/masterway.net\/ao\/wp-json\/wp\/v2\/pages\/13362","targetHints":{"allow":["GET"]}}],"collection":[{"href":"https:\/\/masterway.net\/ao\/wp-json\/wp\/v2\/pages"}],"about":[{"href":"https:\/\/masterway.net\/ao\/wp-json\/wp\/v2\/types\/page"}],"author":[{"embeddable":true,"href":"https:\/\/masterway.net\/ao\/wp-json\/wp\/v2\/users\/2"}],"replies":[{"embeddable":true,"href":"https:\/\/masterway.net\/ao\/wp-json\/wp\/v2\/comments?post=13362"}],"version-history":[{"count":4,"href":"https:\/\/masterway.net\/ao\/wp-json\/wp\/v2\/pages\/13362\/revisions"}],"predecessor-version":[{"id":13570,"href":"https:\/\/masterway.net\/ao\/wp-json\/wp\/v2\/pages\/13362\/revisions\/13570"}],"wp:featuredmedia":[{"embeddable":true,"href":"https:\/\/masterway.net\/ao\/wp-json\/wp\/v2\/media\/12555"}],"wp:attachment":[{"href":"https:\/\/masterway.net\/ao\/wp-json\/wp\/v2\/media?parent=13362"}],"curies":[{"name":"wp","href":"https:\/\/api.w.org\/{rel}","templated":true}]}}